{"id":85,"date":"2023-10-14T19:45:26","date_gmt":"2023-10-14T17:45:26","guid":{"rendered":"https:\/\/duplex-lesarcs1800.fr\/?page_id=85"},"modified":"2023-10-27T08:40:00","modified_gmt":"2023-10-27T06:40:00","slug":"la-station","status":"publish","type":"page","link":"https:\/\/duplex-lesarcs1800.fr\/?page_id=85","title":{"rendered":"La station"},"content":{"rendered":"\n<p>La station des Arcs se situe dans la vall\u00e9e de la Tarentaise, au dessus de Bourg- Saint-Maurice en Savoie. Elle est compos\u00e9e de 4 villages, les Arcs 1600, les Arcs 1800, les Arcs 2000 et les Arcs 1950 dans l&#8217;ordre de construction.<\/p>\n\n\n\n<div class=\"wp-block-columns is-layout-flex wp-container-3 wp-block-columns-is-layout-flex\">\n<div class=\"wp-block-column is-layout-flow wp-block-column-is-layout-flow\">\n<p>Les trois premiers villages (1600, 1800 et 2000) pr\u00e9sentent une unit\u00e9 architecturale avant gardiste pour l&#8217;\u00e9poque, le cahier des charges pr\u00e9cisait:<\/p>\n\n\n\n<ul>\n<li>Respect du site et de l&#8217;environnement naturel,<\/li>\n\n\n\n<li>Conservation des vieux chalets d\u2019alpage existants que l\u2019architecture moderne ne doit pas chercher \u00e0 imiter pour plus d\u2019authenticit\u00e9,<\/li>\n\n\n\n<li>Utilisation de mat\u00e9riaux locaux.<\/li>\n<\/ul>\n<\/div>\n\n\n\n<div class=\"wp-block-column is-layout-flow wp-block-column-is-layout-flow\">\n<figure class=\"wp-block-image size-large\"><img decoding=\"async\" src=\"http:\/\/duplex-lesarcs1800.fr\/wp-content\/uploads\/2023\/10\/planArc1800_situation.jpg\" alt=\"\"\/><\/figure>\n<\/div>\n<\/div>\n\n\n\n<p>Il en r\u00e9sulte une station compos\u00e9e de grands ensembles immobilier parfaitement int\u00e9gr\u00e9s dans le paysage, sans vis \u00e0 vis, avec un contact vers l&#8217;ext\u00e9rieur maximis\u00e9 par de grande baie vitr\u00e9e. Les mat\u00e9riaux naturels (bardage en &nbsp;m\u00e9l\u00e8ze, pierre, Lauze) et harmonis\u00e9s permettent de cr\u00e9er un tout coh\u00e9rent sans chercher \u00e0 imiter les constructions classiques (chalets).<\/p>\n\n\n\n<p>Les Arcs 1950, construit plus tard, au d\u00e9but des ann\u00e9es 2000 ne respectent pas cette unit\u00e9 architecturale. Il s&#8217;agit plut\u00f4t d&#8217;une imitation de village savoyard. C&#8217;est tr\u00e8s joli, mais on a parfois l&#8217;impression d&#8217;\u00eatre chez Disney.<\/p>\n\n\n\n<p>Les villages des Arcs sont des stations pi\u00e9tonnes. l&#8217;acc\u00e8s des v\u00e9hicules se fait par le bas de la station, et l&#8217;ensemble des d\u00e9placements est ensuite pr\u00e9vu \u00e0 pied. Cela garantit le calme et la tranquillit\u00e9 \u00e0 tout le monde et permet de mieux &nbsp;int\u00e9grer la station \u00e0 la nature qui l&#8217;entoure.<\/p>\n\n\n\n<div class=\"wp-block-columns is-layout-flex wp-container-6 wp-block-columns-is-layout-flex\">\n<div class=\"wp-block-column is-layout-flow wp-block-column-is-layout-flow\">\n<p>Notre appartement se situe aux Arcs 1800, le plus grand et le plus anim\u00e9 des villages des Arcs.<br>Les Arcs 1800 se composent de 4 quartiers,\u00a0le Charvet, le Chantel, les Villards et le Charmettoger.\u00a0C\u2019est dans ce dernier village que se situe notre appartement, dans la r\u00e9sidence Aiguille Grive 2. Le village et encore plus particuli\u00e8rement la r\u00e9sidence sont au calme, \u00e0 l&#8217;extr\u00e9mit\u00e9 droite de la station, au milieu d&#8217;une for\u00eat de sapin. La r\u00e9sidence est \u00e0 l&#8217;\u00e9cart et au dessus du &#8220;front de neige&#8221; de la station qui se situe au niveau\u00a0des Villards. Cette position privil\u00e9gi\u00e9e permet un acc\u00e8s ski au pied \u00e0 la r\u00e9sidence, tout en garantissant un calme absolu.<\/p>\n<\/div>\n\n\n\n<div class=\"wp-block-column is-layout-flow wp-block-column-is-layout-flow\">\n<figure class=\"wp-block-image size-large is-resized\"><img decoding=\"async\" src=\"http:\/\/duplex-lesarcs1800.fr\/wp-content\/uploads\/2023\/10\/lesArcsRogne-scaled.jpg\" alt=\"\" style=\"aspect-ratio:0.73359375;width:251px;height:auto\"\/><\/figure>\n<\/div>\n<\/div>\n\n\n\n<p><strong>L&#8217;appartement est \u00e0 5 minutes \u00e0 pied du centre de la station, \u00e0 2\u00a0minutes de l&#8217;\u00e9cole de ski la plus proche (ESI).<\/strong><\/p>\n\n\n\n<p><strong>La remont\u00e9e m\u00e9canique la plus proche est le t\u00e9l\u00e9si\u00e8ge de Charmettoger, il part au pied de la r\u00e9sidence. Le t\u00e9l\u00e9cabine du TransArc (qui permet un acc\u00e8s au versant Arcs 2000 \/ Arcs 1950 et donc \u00e0 l&#8217;int\u00e9gralit\u00e9 du domaine skiable) est \u00e0 5 minutes \u00e0 pied ou directement en ski en partant du haut de la r\u00e9sidence.<\/strong><\/p>\n\n\n\n<p><strong>Dans la r\u00e9sidence vous pouvez profiter d&#8217;une boulangerie + sup\u00e9rette (avec pizzas au feu de bois le soir), d&#8217;une laverie, d&#8217;une boutique de location de ski et de VTT.<\/strong><\/p>\n","protected":false},"excerpt":{"rendered":"<p>La station des Arcs se situe dans la vall\u00e9e de la Tarentaise, au dessus de Bourg- Saint-Maurice en Savoie. Elle est compos\u00e9e de 4 villages, les Arcs 1600, les Arcs 1800, les Arcs 2000 et les Arcs 1950 dans l&#8217;ordre de construction. Les trois premiers villages (1600, 1800 et 2000) pr\u00e9sentent une unit\u00e9 architecturale avant [&hellip;]<\/p>\n","protected":false},"author":1,"featured_media":0,"parent":0,"menu_order":0,"comment_status":"closed","ping_status":"closed","template":"","meta":{"om_disable_all_campaigns":false,"_monsterinsights_skip_tracking":false,"_monsterinsights_sitenote_active":false,"_monsterinsights_sitenote_note":"","_monsterinsights_sitenote_category":0,"footnotes":""},"aioseo_notices":[],"_links":{"self":[{"href":"https:\/\/duplex-lesarcs1800.fr\/index.php?rest_route=\/wp\/v2\/pages\/85"}],"collection":[{"href":"https:\/\/duplex-lesarcs1800.fr\/index.php?rest_route=\/wp\/v2\/pages"}],"about":[{"href":"https:\/\/duplex-lesarcs1800.fr\/index.php?rest_route=\/wp\/v2\/types\/page"}],"author":[{"embeddable":true,"href":"https:\/\/duplex-lesarcs1800.fr\/index.php?rest_route=\/wp\/v2\/users\/1"}],"replies":[{"embeddable":true,"href":"https:\/\/duplex-lesarcs1800.fr\/index.php?rest_route=%2Fwp%2Fv2%2Fcomments&post=85"}],"version-history":[{"count":5,"href":"https:\/\/duplex-lesarcs1800.fr\/index.php?rest_route=\/wp\/v2\/pages\/85\/revisions"}],"predecessor-version":[{"id":654,"href":"https:\/\/duplex-lesarcs1800.fr\/index.php?rest_route=\/wp\/v2\/pages\/85\/revisions\/654"}],"wp:attachment":[{"href":"https:\/\/duplex-lesarcs1800.fr\/index.php?rest_route=%2Fwp%2Fv2%2Fmedia&parent=85"}],"curies":[{"name":"wp","href":"https:\/\/api.w.org\/{rel}","templated":true}]}}