{"id":72,"date":"2023-10-14T19:19:26","date_gmt":"2023-10-14T17:19:26","guid":{"rendered":"https:\/\/duplex-lesarcs1800.fr\/?page_id=72"},"modified":"2023-10-25T15:22:42","modified_gmt":"2023-10-25T13:22:42","slug":"livret-daccueil","status":"publish","type":"page","link":"https:\/\/duplex-lesarcs1800.fr\/?page_id=72","title":{"rendered":"Livret d&#8217;accueil"},"content":{"rendered":"\n<p class=\"has-foreground-color has-text-color has-medium-font-size\">Bonjour et bienvenue chez nous,<\/p>\n\n\n\n<p class=\"has-small-font-size\">Ce livret rassemble l\u2019ensemble des informations dont vous pouvez avoir besoin pour l\u2019appartement.<br>Tout d\u2019abord sachez que cet appartement est non fumeur et que nous n\u2019acceptons pas les animaux.<br>Le m\u00e9nage est \u00e0 votre charge, veillez donc \u00e0 bien laisser l\u2019ensemble de l\u2019appartement propre:<\/p>\n\n\n\n<ul>\n<li class=\"has-small-font-size\">salle de bain et wc nettoy\u00e9s<\/li>\n\n\n\n<li class=\"has-small-font-size\">cuisine et plaque \u00e0 induction nettoy\u00e9es<\/li>\n\n\n\n<li class=\"has-small-font-size\">sol ( rdv et \u00e9tage) aspir\u00e9 et lav\u00e9<\/li>\n\n\n\n<li class=\"has-small-font-size\">couettes rang\u00e9es dans les sacs \u00e0 cet effet et mis dans le lit coffre<\/li>\n\n\n\n<li class=\"has-small-font-size\">poubelles vid\u00e9es<\/li>\n<\/ul>\n\n\n\n<p class=\"has-small-font-size\">Si vous le souhaitez, la conciergerie qui g\u00e8re notre appartement peut se charger du m\u00e9nage, vous pouvez les contacter au besoin.<br>Nous vous demandons aussi de laisser vos \u00e9quipements de skis, et tout particuli\u00e8rement vos chaussures, \u00e0 l\u2019entr\u00e9e de l\u2019appartement.<br>Nous avons pr\u00e9vu un tapis pour que vous puissiez vous d\u00e9s\u00e9quiper tranquillement et des rangements pour chacun de vos \u00e9quipements.<br>Excusez nous pour cette introduction un peu r\u00e9barbative, mais si chacun respecte ces r\u00e8gles, cela permet que tout le monde puisse profiter au mieux de son s\u00e9jour, et ce dans les meilleures conditions.<\/p>\n\n\n\n<p><strong>Tour rapide de l\u2019appartement<\/strong>:<\/p>\n\n\n\n<p class=\"has-small-font-size\">A l&nbsp;\u2018entr\u00e9e vous trouverez tous les rangements pour vos affaires de skis.<br>L\u2019appareil gris vertical est un s\u00e8che chaussure de ski. Il comporte deux boutons en haut \u00e0 gauche, l\u2019un pour ventiler, l\u2019autre pour chauffer l\u2019air.<br>L\u2019appareil est id\u00e9al pour s\u00e9cher\/chauffer les chaussures de skis, les gants ou les autres \u00ab&nbsp;petites&nbsp;\u00bb affaire de ski.Il ne faut pas faire chauffer l\u2019appareil plus longtemps que n\u00e9cessaire, au risque d\u2019abimer les affaires (environ 1 heure).<br>Les fourches \u00e0 cot\u00e9 du s\u00e8che chaussure servent \u00e0 suspendre skis et batons. Il y a un bac en dessous pour r\u00e9cup\u00e9rer l\u2019eau. Pensez bien \u00e0 ne pas stocker d\u2019objet qui craindrait l\u2019eau (comme des chaussures) dans le bac. Il y a un s\u00e8che serviette \u00e9lectrique \u00e0 la sortie de la salle de bain. Vous pouvez l\u2019utiliser pour s\u00e9cher les serviettes ou les affaires de skis.<br>Pensez bien \u00e0 ne pas le laisser fonctionner en continu si vous y suspendez du mat\u00e9riel de ski, cela risquerait d\u2019abimer ce dernier.<\/p>\n\n\n\n<p class=\"has-small-font-size\">Dans la cuisine vous trouverez un frigo, un combin\u00e9 micro-onde four et un lave vaisselle.<br>Les notices de ces diff\u00e9rents \u00e9quipements sont dans le placard sous l\u2019escalier.<\/p>\n\n\n\n<p class=\"has-small-font-size\">En cas d\u2019urgence, le robinet d\u2019arr\u00eat de l\u2019eau est dans le placard bas, sur la partie droite de la cuisine. Pour y acc\u00e9der il faut enlever l\u2019\u00e9tag\u00e8re et ouvrir une petite trappe.<\/p>\n\n\n\n<p class=\"has-small-font-size\">Le chauffage principal est pilot\u00e9 par le thermostat au dessus du canap\u00e9 du bas. Il y a un contacteur sur la porte fenetre qui donne sur le balcon qui coupe le chauffage quand la porte est ouverte. V\u00e9rifiez donc bien que la porte est ferm\u00e9e si le chauffage ne fonctionne pas.<\/p>\n\n\n\n<p class=\"has-small-font-size\">A l\u2019\u00e9tage, le grand lit dans la chambre \u00ab&nbsp;parentale&nbsp;\u00bb est un lit coffre. Il y a une lani\u00e8re et une poign\u00e9e au pied du lit. Vous pouvez soulever le cadre du lit en tirant sur les deux. Cela donne acc\u00e8s \u00e0 un grand espace de rangement, id\u00e9al pour stocker les valises notamment.<\/p>\n\n\n\n<p class=\"has-small-font-size\">Vous disposez d\u2019un placard dans la premi\u00e8re chambre et d\u2019\u00e9tag\u00e8res dans la chambre parentale.<\/p>\n\n\n\n<p><strong>Informations diverses:<\/strong><\/p>\n\n\n\n<p class=\"has-small-font-size\">Nous vous conseillons de pr\u00e9parer une liste de course en drive au super U de Bourg Saint Maurice pour vos courses d\u2019arriv\u00e9e. Le super U se trouve juste au pied de la mont\u00e9e \u00e0 la station.<\/p>\n\n\n\n<p class=\"has-small-font-size\">Vous trouverez dans la r\u00e9sidence, au rez de chauss\u00e9e cot\u00e9 montagne, le \u00ab&nbsp;faitou&nbsp;\u00bb qui propose du pain, des pizzas et bien plus encore. Passez les voir, ils sont tr\u00e8s sympathiques.<\/p>\n\n\n\n<p class=\"has-small-font-size\">Pour la collecte des d\u00e9chets, vous avez \u00e0 disposition un vide ordure sur le pallier de l\u2019escalier ext\u00e9rieur (\u00e0 droite en sortant de l\u2019appartement, puis \u00e0 droite vers l\u2019escalier). Face \u00e0 l\u2019appartement, en bas de l\u2019escalier en pierre, il y a une cabane collectant aussi le verre et les cartons.<\/p>\n\n\n\n<p class=\"has-small-font-size\">Pour les cours de ski, vous avez le choix entre l\u2019ESF (\u00e9cole de ski francaise) et l\u2019 ESI ( \u00e9cole de ski internationale). Nous vous conseillons l\u2019ESI, les enseignements sont comparables, mais les points de rendez vous pour l\u2019ESI sont beaucoup plus proche de la r\u00e9sidence: le jardin d\u2019enfant de l\u2019\u00e9cole se site juste \u00e0 c\u00f4te de la r\u00e9sidence (\u00e0 5 min \u00e0 pied) et le rendez vous pour les plus grand se fait au pied du transarc.<\/p>\n\n\n\n<p class=\"has-small-font-size\">Pour le ski, vous avez le choix entre le t\u00e9l\u00e9si\u00e8ge du charmettoger qui part juste \u00e0 l\u2019extr\u00e9mit\u00e9 de la r\u00e9sidence (remonter le petit chemin qui part devant le Faitou et qui passe au dessus le l\u2019Aiguille Grive 3) ou le Transarc que vous atteindrez en vous dirigeant vers le front de neige. Le Charmettoger est moins fr\u00e9quent\u00e9, moins rapide et il vous montera au m\u00eame niveau que l\u2019interm\u00e9diaire du Transarcs. Le transarc est \u00ab&nbsp;la&nbsp;\u00bb grosse remont\u00e9e m\u00e9canique au d\u00e9part de Arc 1800, il permet d\u2019atteindre directement le versant Arc 2000 ou vous trouverez les plus belles pistes.<\/p>\n\n\n\n<p class=\"has-medium-font-size\"><strong>Au moment de votre d\u00e9part:<\/strong><\/p>\n\n\n\n<p class=\"has-small-font-size\">Nous esp\u00e9rons sinc\u00e8rement que vous avez profit\u00e9 de notre appartement, de la station et de vos vacances.<\/p>\n\n\n\n<p class=\"has-small-font-size\">En partant, pensez bien:<\/p>\n\n\n\n<ul class=\"has-small-font-size\">\n<li>\u00e0 couper le courant,<\/li>\n\n\n\n<li>\u00e0 laisser les portes du frigo et celle du lave vaisselle entreb\u00e2ill\u00e9es.<\/li>\n<\/ul>\n","protected":false},"excerpt":{"rendered":"<p>Bonjour et bienvenue chez nous, Ce livret rassemble l\u2019ensemble des informations dont vous pouvez avoir besoin pour l\u2019appartement.Tout d\u2019abord sachez que cet appartement est non fumeur et que nous n\u2019acceptons pas les animaux.Le m\u00e9nage est \u00e0 votre charge, veillez donc \u00e0 bien laisser l\u2019ensemble de l\u2019appartement propre: Si vous le souhaitez, la conciergerie qui g\u00e8re [&hellip;]<\/p>\n","protected":false},"author":1,"featured_media":0,"parent":58,"menu_order":6,"comment_status":"closed","ping_status":"closed","template":"","meta":{"om_disable_all_campaigns":false,"_monsterinsights_skip_tracking":false,"_monsterinsights_sitenote_active":false,"_monsterinsights_sitenote_note":"","_monsterinsights_sitenote_category":0,"footnotes":""},"aioseo_notices":[],"_links":{"self":[{"href":"https:\/\/duplex-lesarcs1800.fr\/index.php?rest_route=\/wp\/v2\/pages\/72"}],"collection":[{"href":"https:\/\/duplex-lesarcs1800.fr\/index.php?rest_route=\/wp\/v2\/pages"}],"about":[{"href":"https:\/\/duplex-lesarcs1800.fr\/index.php?rest_route=\/wp\/v2\/types\/page"}],"author":[{"embeddable":true,"href":"https:\/\/duplex-lesarcs1800.fr\/index.php?rest_route=\/wp\/v2\/users\/1"}],"replies":[{"embeddable":true,"href":"https:\/\/duplex-lesarcs1800.fr\/index.php?rest_route=%2Fwp%2Fv2%2Fcomments&post=72"}],"version-history":[{"count":4,"href":"https:\/\/duplex-lesarcs1800.fr\/index.php?rest_route=\/wp\/v2\/pages\/72\/revisions"}],"predecessor-version":[{"id":532,"href":"https:\/\/duplex-lesarcs1800.fr\/index.php?rest_route=\/wp\/v2\/pages\/72\/revisions\/532"}],"up":[{"embeddable":true,"href":"https:\/\/duplex-lesarcs1800.fr\/index.php?rest_route=\/wp\/v2\/pages\/58"}],"wp:attachment":[{"href":"https:\/\/duplex-lesarcs1800.fr\/index.php?rest_route=%2Fwp%2Fv2%2Fmedia&parent=72"}],"curies":[{"name":"wp","href":"https:\/\/api.w.org\/{rel}","templated":true}]}}