{"id":70,"date":"2023-10-14T19:17:58","date_gmt":"2023-10-14T17:17:58","guid":{"rendered":"https:\/\/duplex-lesarcs1800.fr\/?page_id=70"},"modified":"2023-10-15T15:56:27","modified_gmt":"2023-10-15T13:56:27","slug":"internet","status":"publish","type":"page","link":"https:\/\/duplex-lesarcs1800.fr\/?page_id=70","title":{"rendered":"Internet"},"content":{"rendered":"\n<p>Le wifi est distribu\u00e9 dans le duplex, vous pouvez vous connecter au r\u00e9seau &#8220;Aiguile grive&#8221;, cette connexion est gratuite, tout se passe directement une fois que vous \u00eates connect\u00e9 avec votre ordinateur ou tablette.<br>Le mot de passe pour se connecter est : <strong>aiguile527<\/strong>.<\/p>\n","protected":false},"excerpt":{"rendered":"<p>Le wifi est distribu\u00e9 dans le duplex, vous pouvez vous connecter au r\u00e9seau &#8220;Aiguile grive&#8221;, cette connexion est gratuite, tout se passe directement une fois que vous \u00eates connect\u00e9 avec votre ordinateur ou tablette.Le mot de passe pour se connecter est : aiguile527.<\/p>\n","protected":false},"author":1,"featured_media":0,"parent":58,"menu_order":1,"comment_status":"closed","ping_status":"closed","template":"","meta":{"om_disable_all_campaigns":false,"_monsterinsights_skip_tracking":false,"_monsterinsights_sitenote_active":false,"_monsterinsights_sitenote_note":"","_monsterinsights_sitenote_category":0,"footnotes":""},"aioseo_notices":[],"_links":{"self":[{"href":"https:\/\/duplex-lesarcs1800.fr\/index.php?rest_route=\/wp\/v2\/pages\/70"}],"collection":[{"href":"https:\/\/duplex-lesarcs1800.fr\/index.php?rest_route=\/wp\/v2\/pages"}],"about":[{"href":"https:\/\/duplex-lesarcs1800.fr\/index.php?rest_route=\/wp\/v2\/types\/page"}],"author":[{"embeddable":true,"href":"https:\/\/duplex-lesarcs1800.fr\/index.php?rest_route=\/wp\/v2\/users\/1"}],"replies":[{"embeddable":true,"href":"https:\/\/duplex-lesarcs1800.fr\/index.php?rest_route=%2Fwp%2Fv2%2Fcomments&post=70"}],"version-history":[{"count":1,"href":"https:\/\/duplex-lesarcs1800.fr\/index.php?rest_route=\/wp\/v2\/pages\/70\/revisions"}],"predecessor-version":[{"id":71,"href":"https:\/\/duplex-lesarcs1800.fr\/index.php?rest_route=\/wp\/v2\/pages\/70\/revisions\/71"}],"up":[{"embeddable":true,"href":"https:\/\/duplex-lesarcs1800.fr\/index.php?rest_route=\/wp\/v2\/pages\/58"}],"wp:attachment":[{"href":"https:\/\/duplex-lesarcs1800.fr\/index.php?rest_route=%2Fwp%2Fv2%2Fmedia&parent=70"}],"curies":[{"name":"wp","href":"https:\/\/api.w.org\/{rel}","templated":true}]}}