{"id":68,"date":"2023-10-14T19:16:38","date_gmt":"2023-10-14T17:16:38","guid":{"rendered":"https:\/\/duplex-lesarcs1800.fr\/?page_id=68"},"modified":"2023-10-26T08:38:18","modified_gmt":"2023-10-26T06:38:18","slug":"est-ce-que-le-stationnement-est-inclus-dans-le-prix-de-la-location","status":"publish","type":"page","link":"https:\/\/duplex-lesarcs1800.fr\/?page_id=68","title":{"rendered":"Le stationnement est-il inclus dans le prix de la location ?"},"content":{"rendered":"<p>Le stationnement aux Arcs 1800 est payant pendant la saison d&#8217;hiver. Il existe de nombreuses places ext\u00e9rieures devant la r\u00e9sidence, mais elles sont tr\u00e8s recherch\u00e9es en haute saison. Vous pouvez r\u00e9server un emplacement couvert (<a id=\"lnk1-1dX9JYyC\" href=\"http:\/\/www.lesarcs.com\/parkings.html\" target=\"_blank\" rel=\"noopener noreferrer\" data-linkurl=\"http:\/\/www.parkinglesarcs.com\/fr\/reservation\/\" data-cke-saved-href=\"http:\/\/www.parkinglesarcs.com\/fr\/reservation\/\" data-cke-pa-onclick=\"javascript:return doOpenLink(this.id);\" data-cke-pa-ondblclick=\"javascript:return doEditLink(this.id);\">cliquez ici pour r\u00e9server votre parking<\/a>). Le parking couvert le plus proche de la location est celui de Charmettoger. Le stationnement en ext\u00e9rieur vous coutera 95 euros pour la semaine. Le stationnement couvert vous coutera 105 euros (et vous pouvez le r\u00e9server).Comment cela se passe t&#8217;il en pratique:<\/p>\n<p><span style=\"font-size: revert; background-color: var(--wp--preset--color--background); color: var(--wp--preset--color--foreground); font-family: var(--wp--preset--font-family--system-font);\">Lorsque vous entrez dans la station des Arcs 1800, votre voiture passera un portique. Un ticket vous sera donn\u00e9. Avec ce ticket, trois possibilit\u00e9s s&#8217;offrent \u00e0 vous :<\/span><\/p>\n\n\n<ol>\n<li><strong>Vous b\u00e9n\u00e9ficiez de 4 heures de stationnement gratuites.<\/strong> Si vous ne restez pas, il suffit de remettre le ticket en sortie, vous ne paierez rien.<\/li>\n\n\n\n<li><strong>Vous stationnez \u00e0 l&#8217;ext\u00e9rieur.<\/strong> C&#8217;est moins cher qu&#8217;un stationnement int\u00e9rieur. En tr\u00e8s haute saison, c&#8217;est \u00e0 dire durant les 4 semaines de vacances scolaires de f\u00e9vrier (toutes zones comprises) les places ext\u00e9rieures sont tr\u00e8s pris\u00e9es. Pour une semaine de stationnement, comptez 85\u20ac.<\/li>\n\n\n\n<li><strong>Vous stationnez \u00e0 l&#8217;int\u00e9rieur.<\/strong> Vous devrez pr\u00e9senter de nouveau votre ticket \u00e0 l&#8217;entr\u00e9e du parking int\u00e9rieur. Il existe plusieurs parkings int\u00e9rieurs. Le plus proche de cette location aux Arcs 1800 est le parking de Charmettoger. Comptez 105\u20ac pour une semaine de stationnement. Il est possible de r\u00e9server en ligne et en avance une place de parking couvert en allant sur le site du Parking les Arcs. (<a id=\"lnk1-1dX9JYyC\" data-linkurl=\"http:\/\/www.parkinglesarcs.com\/fr\/reservation\/\" data-cke-saved-href=\"http:\/\/www.parkinglesarcs.com\/fr\/reservation\/\" data-cke-pa-onclick=\"javascript:return doOpenLink(this.id);\" data-cke-pa-ondblclick=\"javascript:return doEditLink(this.id);\" href=\"http:\/\/www.lesarcs.com\/parkings.html\" target=\"_blank\" rel=\"noopener noreferrer\">cliquez ici<\/a>)<\/li>\n\n\n\n<li><strong>Vous stationnez \u00e0 l&#8217;ext\u00e9rieur de la station ( avant le p\u00e9age).<br><\/strong>Il existe un parking ext\u00e9rieur gratuit avant &nbsp;d&#8217;entrer dans la station. Il se situe \u00e0 25 minutes de marche de l&#8217;appartement.<br>L&#8217;id\u00e9al est de prendre un ticket pour 4 heures gratuites, de&nbsp;d\u00e9charger votre voiture puis d&#8217; aller vous garer sur ce parking.<br>NB : le parking est au bord de la route et n&#8217;est pas surveill\u00e9. Ce parking est conseill\u00e9 si vous n&#8217;avez pas \u00e0 utiliser votre voiture pendant le s\u00e9jour.<\/li>\n<\/ol>\n","protected":false},"excerpt":{"rendered":"<p>Le stationnement aux Arcs 1800 est payant pendant la saison d&#8217;hiver. Il existe de nombreuses places ext\u00e9rieures devant la r\u00e9sidence, mais elles sont tr\u00e8s recherch\u00e9es en haute saison. Vous pouvez r\u00e9server un emplacement couvert (cliquez ici pour r\u00e9server votre parking). Le parking couvert le plus proche de la location est celui de Charmettoger. Le stationnement [&hellip;]<\/p>\n","protected":false},"author":1,"featured_media":0,"parent":0,"menu_order":0,"comment_status":"closed","ping_status":"closed","template":"","meta":{"om_disable_all_campaigns":false,"_monsterinsights_skip_tracking":false,"_monsterinsights_sitenote_active":false,"_monsterinsights_sitenote_note":"","_monsterinsights_sitenote_category":0,"footnotes":""},"aioseo_notices":[],"_links":{"self":[{"href":"https:\/\/duplex-lesarcs1800.fr\/index.php?rest_route=\/wp\/v2\/pages\/68"}],"collection":[{"href":"https:\/\/duplex-lesarcs1800.fr\/index.php?rest_route=\/wp\/v2\/pages"}],"about":[{"href":"https:\/\/duplex-lesarcs1800.fr\/index.php?rest_route=\/wp\/v2\/types\/page"}],"author":[{"embeddable":true,"href":"https:\/\/duplex-lesarcs1800.fr\/index.php?rest_route=\/wp\/v2\/users\/1"}],"replies":[{"embeddable":true,"href":"https:\/\/duplex-lesarcs1800.fr\/index.php?rest_route=%2Fwp%2Fv2%2Fcomments&post=68"}],"version-history":[{"count":4,"href":"https:\/\/duplex-lesarcs1800.fr\/index.php?rest_route=\/wp\/v2\/pages\/68\/revisions"}],"predecessor-version":[{"id":606,"href":"https:\/\/duplex-lesarcs1800.fr\/index.php?rest_route=\/wp\/v2\/pages\/68\/revisions\/606"}],"wp:attachment":[{"href":"https:\/\/duplex-lesarcs1800.fr\/index.php?rest_route=%2Fwp%2Fv2%2Fmedia&parent=68"}],"curies":[{"name":"wp","href":"https:\/\/api.w.org\/{rel}","templated":true}]}}