{"id":66,"date":"2023-10-14T19:13:39","date_gmt":"2023-10-14T17:13:39","guid":{"rendered":"https:\/\/duplex-lesarcs1800.fr\/?page_id=66"},"modified":"2023-10-25T15:29:53","modified_gmt":"2023-10-25T13:29:53","slug":"le-menage","status":"publish","type":"page","link":"https:\/\/duplex-lesarcs1800.fr\/?page_id=66","title":{"rendered":"Le m\u00e9nage"},"content":{"rendered":"\n<p>Le m\u00e9nage est compris\u00a0dans le prix de la location ( 90\u20ac). Il sera effectu\u00e9 par un prestataire.<br>Sur place, vous disposez de tout le n\u00e9cessaire\u00a0pour effectuer le m\u00e9nage par vous-m\u00eame :<\/p>\n\n\n\n<ul>\n<li> produits nettoyants, <\/li>\n\n\n\n<li>balai lave-sol, <\/li>\n\n\n\n<li>aspirateur, \u00e9ponges etc&#8230;<\/li>\n<\/ul>\n\n\n\n<p class=\"has-vivid-red-color has-text-color has-medium-font-size\">La personne en charge du m\u00e9nage a un planning bien charg\u00e9 donc il faut penser \u00e0 lib\u00e9rer l&#8217;appartement aux horaires indiqu\u00e9s.<br>Il faut lib\u00e9rer l&#8217;appartement \u00e0 10h00 MAX<\/p>\n","protected":false},"excerpt":{"rendered":"<p>Le m\u00e9nage est compris\u00a0dans le prix de la location ( 90\u20ac). Il sera effectu\u00e9 par un prestataire.Sur place, vous disposez de tout le n\u00e9cessaire\u00a0pour effectuer le m\u00e9nage par vous-m\u00eame : La personne en charge du m\u00e9nage a un planning bien charg\u00e9 donc il faut penser \u00e0 lib\u00e9rer l&#8217;appartement aux horaires indiqu\u00e9s.Il faut lib\u00e9rer l&#8217;appartement \u00e0 [&hellip;]<\/p>\n","protected":false},"author":1,"featured_media":0,"parent":58,"menu_order":2,"comment_status":"closed","ping_status":"closed","template":"","meta":{"om_disable_all_campaigns":false,"_monsterinsights_skip_tracking":false,"_monsterinsights_sitenote_active":false,"_monsterinsights_sitenote_note":"","_monsterinsights_sitenote_category":0,"footnotes":""},"aioseo_notices":[],"_links":{"self":[{"href":"https:\/\/duplex-lesarcs1800.fr\/index.php?rest_route=\/wp\/v2\/pages\/66"}],"collection":[{"href":"https:\/\/duplex-lesarcs1800.fr\/index.php?rest_route=\/wp\/v2\/pages"}],"about":[{"href":"https:\/\/duplex-lesarcs1800.fr\/index.php?rest_route=\/wp\/v2\/types\/page"}],"author":[{"embeddable":true,"href":"https:\/\/duplex-lesarcs1800.fr\/index.php?rest_route=\/wp\/v2\/users\/1"}],"replies":[{"embeddable":true,"href":"https:\/\/duplex-lesarcs1800.fr\/index.php?rest_route=%2Fwp%2Fv2%2Fcomments&post=66"}],"version-history":[{"count":5,"href":"https:\/\/duplex-lesarcs1800.fr\/index.php?rest_route=\/wp\/v2\/pages\/66\/revisions"}],"predecessor-version":[{"id":539,"href":"https:\/\/duplex-lesarcs1800.fr\/index.php?rest_route=\/wp\/v2\/pages\/66\/revisions\/539"}],"up":[{"embeddable":true,"href":"https:\/\/duplex-lesarcs1800.fr\/index.php?rest_route=\/wp\/v2\/pages\/58"}],"wp:attachment":[{"href":"https:\/\/duplex-lesarcs1800.fr\/index.php?rest_route=%2Fwp%2Fv2%2Fmedia&parent=66"}],"curies":[{"name":"wp","href":"https:\/\/api.w.org\/{rel}","templated":true}]}}