{"id":64,"date":"2023-10-14T19:12:35","date_gmt":"2023-10-14T17:12:35","guid":{"rendered":"https:\/\/duplex-lesarcs1800.fr\/?page_id=64"},"modified":"2024-09-03T07:56:46","modified_gmt":"2024-09-03T05:56:46","slug":"les-draps-sont-ils-fournis","status":"publish","type":"page","link":"https:\/\/duplex-lesarcs1800.fr\/?page_id=64","title":{"rendered":"Les draps sont-ils fournis ?"},"content":{"rendered":"\n<p>Pour vous garantir par d\u00e9faut le prix le plus juste, les draps ne sont par inclus dans le prix de la location.<\/p>\n\n\n\n<p>Les dimensions des lits sont les suivantes :<\/p>\n\n\n\n<ul>\n<li>160 x 200 cms pour le lit double<\/li>\n\n\n\n<li>90 x 190 cms pour les lits simples<\/li>\n<\/ul>\n\n\n\n<p class=\"has-small-font-size\">Vous avez, par contre, la possibilit\u00e9 de louer des draps et des serviettes&nbsp;via une conciergerie avec laquelle nous travaillons.Voici les prix en fonction des packs souhait\u00e9s.<br><strong>Attention le prix est par semaine.<\/strong> <\/p>\n\n\n\n<p class=\"has-vivid-red-color has-text-color has-medium-font-size\">A r\u00e9server aupr\u00e8s de nous plusieurs semaines \u00e0 l\u2019avance afin d\u2019avoir une disponibilit\u00e9.<\/p>\n\n\n\n<h1 class=\"wp-block-heading has-pale-pink-background-color has-background has-medium-font-size\" style=\"font-style:normal;font-weight:700\"><strong>Livraison draps \u00e0 l&#8217;appartement &nbsp;20 \u20ac \/ semaine<\/strong>  &#8212; Obligatoire<\/h1>\n\n\n\n<h1 class=\"wp-block-heading has-medium-font-size\"><strong>Kit Couette (1 Pers.)\u00a018\u20ac \/ semaine<\/strong><\/h1>\n\n\n\n<ul>\n<li class=\"has-small-font-size\"><strong>\u2705<\/strong><strong> Draps plats x1,<\/strong><\/li>\n\n\n\n<li class=\"has-small-font-size\"><strong>\u2705<\/strong><strong> Housse de couette x1,<\/strong><\/li>\n\n\n\n<li class=\"has-small-font-size\"><strong>\u2705<\/strong><strong> Taies d&#8217;oreillers x1<\/strong><\/li>\n<\/ul>\n\n\n\n<h1 class=\"wp-block-heading has-medium-font-size\">\u00b7\u00a0<strong>Kit Couette (2 Pers.) 27\u20ac \/ semaine<\/strong><\/h1>\n\n\n\n<ul>\n<li class=\"has-small-font-size\"><strong>\u2705<\/strong><strong> Draps plats x1,<\/strong><\/li>\n\n\n\n<li class=\"has-small-font-size\"><strong>\u2705<\/strong><strong> Housse de couette x1,<\/strong><\/li>\n\n\n\n<li class=\"has-small-font-size\"><strong>\u2705<\/strong><strong> Taies d&#8217;oreillers x2,<\/strong><\/li>\n<\/ul>\n\n\n\n<h1 class=\"wp-block-heading has-medium-font-size\">\u00b7\u00a0\u00a0<strong>Pack Couette + Serviettes (1 Pers.) 26\u20ac \/ semaine<\/strong><\/h1>\n\n\n\n<ul>\n<li class=\"has-small-font-size\"><strong>\u2705<\/strong><strong> Drap plat x1,<\/strong><\/li>\n\n\n\n<li class=\"has-small-font-size\"><strong>\u2705<\/strong><strong> Housse de couette x1,<\/strong><\/li>\n\n\n\n<li class=\"has-small-font-size\"><strong>\u2705<\/strong><strong> Taie d&#8217;oreillers x1,<\/strong><\/li>\n\n\n\n<li class=\"has-small-font-size\"><strong>\u2705<\/strong><strong> Serviette x1,<\/strong><\/li>\n\n\n\n<li class=\"has-small-font-size\"><strong>\u2705<\/strong><strong> Drap de bain x1<\/strong><\/li>\n<\/ul>\n\n\n\n<h1 class=\"wp-block-heading has-medium-font-size\">\u00b7\u00a0<strong>Pack Couette + Serviettes (2 Pers.) 36\u20ac \/ semaine<\/strong><\/h1>\n\n\n\n<ul>\n<li class=\"has-small-font-size\"><strong>\u2705<\/strong><strong> Drap plat x1,<\/strong><\/li>\n\n\n\n<li class=\"has-small-font-size\"><strong>\u2705<\/strong><strong> Housse de couette x1,<\/strong><\/li>\n\n\n\n<li class=\"has-small-font-size\"><strong>\u2705<\/strong><strong> Taie d&#8217;oreillers x2,<\/strong><\/li>\n\n\n\n<li class=\"has-small-font-size\"><strong>\u2705<\/strong><strong> Serviette x2,<\/strong><\/li>\n\n\n\n<li class=\"has-small-font-size\"><strong>\u2705 Drap de bain x2<\/strong><\/li>\n<\/ul>\n\n\n\n<h1 class=\"wp-block-heading has-medium-font-size\">\u00b7&nbsp;<strong>Tapis de bain 5\u20ac \/<strong> semaine<\/strong><\/strong><\/h1>\n\n\n\n<ul>\n<li class=\"has-small-font-size\"><strong>\u2705 1x Tapis de bain<\/strong><\/li>\n<\/ul>\n\n\n\n<p>Merci de me pr\u00e9ciser lors de votre r\u00e9servation ou assez rapidement, si vous souhaitez cette prestation. Le stock de draps\/serviettes se vide assez rapidement.<br>Prestation \u00e0 nous r\u00e9gler lors de votre r\u00e9servation.<\/p>\n","protected":false},"excerpt":{"rendered":"<p>Pour vous garantir par d\u00e9faut le prix le plus juste, les draps ne sont par inclus dans le prix de la location. Les dimensions des lits sont les suivantes : Vous avez, par contre, la possibilit\u00e9 de louer des draps et des serviettes&nbsp;via une conciergerie avec laquelle nous travaillons.Voici les prix en fonction des packs [&hellip;]<\/p>\n","protected":false},"author":1,"featured_media":0,"parent":58,"menu_order":4,"comment_status":"closed","ping_status":"closed","template":"","meta":{"om_disable_all_campaigns":false,"_monsterinsights_skip_tracking":false,"_monsterinsights_sitenote_active":false,"_monsterinsights_sitenote_note":"","_monsterinsights_sitenote_category":0,"footnotes":""},"aioseo_notices":[],"_links":{"self":[{"href":"https:\/\/duplex-lesarcs1800.fr\/index.php?rest_route=\/wp\/v2\/pages\/64"}],"collection":[{"href":"https:\/\/duplex-lesarcs1800.fr\/index.php?rest_route=\/wp\/v2\/pages"}],"about":[{"href":"https:\/\/duplex-lesarcs1800.fr\/index.php?rest_route=\/wp\/v2\/types\/page"}],"author":[{"embeddable":true,"href":"https:\/\/duplex-lesarcs1800.fr\/index.php?rest_route=\/wp\/v2\/users\/1"}],"replies":[{"embeddable":true,"href":"https:\/\/duplex-lesarcs1800.fr\/index.php?rest_route=%2Fwp%2Fv2%2Fcomments&post=64"}],"version-history":[{"count":5,"href":"https:\/\/duplex-lesarcs1800.fr\/index.php?rest_route=\/wp\/v2\/pages\/64\/revisions"}],"predecessor-version":[{"id":682,"href":"https:\/\/duplex-lesarcs1800.fr\/index.php?rest_route=\/wp\/v2\/pages\/64\/revisions\/682"}],"up":[{"embeddable":true,"href":"https:\/\/duplex-lesarcs1800.fr\/index.php?rest_route=\/wp\/v2\/pages\/58"}],"wp:attachment":[{"href":"https:\/\/duplex-lesarcs1800.fr\/index.php?rest_route=%2Fwp%2Fv2%2Fmedia&parent=64"}],"curies":[{"name":"wp","href":"https:\/\/api.w.org\/{rel}","templated":true}]}}