{"id":60,"date":"2023-10-14T19:06:29","date_gmt":"2023-10-14T17:06:29","guid":{"rendered":"https:\/\/duplex-lesarcs1800.fr\/?page_id=60"},"modified":"2023-10-25T15:44:03","modified_gmt":"2023-10-25T13:44:03","slug":"inventaire","status":"publish","type":"page","link":"https:\/\/duplex-lesarcs1800.fr\/?page_id=60","title":{"rendered":"Inventaire"},"content":{"rendered":"\n<h4 class=\"wp-block-heading has-small-font-size\" style=\"text-transform:none\">Pouvez-vous, SVP, v\u00e9rifier \u00e0 votre arriv\u00e9e qu\u2019il ne manque rien et nous le signaler si vous constatez des probl\u00e8mes ou choses manquantes.<\/h4>\n\n\n\n<h4 class=\"wp-block-heading has-small-font-size\" style=\"text-transform:none\">Nous ne vous demandons pas de compter les petites cuill\u00e8res, fourchettes etc&#8230;, mais de v\u00e9rifier qu\u2019il y a l&#8217;ensemble des objets not\u00e9s sur cet inventaire.<\/h4>\n\n\n\n<h4 class=\"wp-block-heading has-small-font-size\" style=\"text-transform:none\">Si jamais vous cassez une assiette ou un verre, ce n\u2019est pas bien grave mais signalez-le-nous afin que nous puissions le remplacer.<\/h4>\n\n\n\n<h4 class=\"wp-block-heading has-small-font-size\" style=\"text-transform:none\">Nous vous en remercions par avance.<\/h4>\n\n\n\n<h3 class=\"wp-block-heading\"><strong>Appareils \u00e9lectriques + &nbsp;\u00e9lectro-m\u00e9nagers<\/strong><\/h3>\n\n\n\n<ul>\n<li class=\"has-small-font-size\">3 TVs (1 listo + 2 philips) &nbsp;+ 3 t\u00e9l\u00e9commandes<\/li>\n\n\n\n<li class=\"has-small-font-size\">1 lecteur dvd<\/li>\n\n\n\n<li class=\"has-small-font-size\">1 enceinte bluetooth en forme de bonhomme<\/li>\n\n\n\n<li class=\"has-small-font-size\">1&nbsp;s\u00e8che cheveux Babyliss<\/li>\n\n\n\n<li class=\"has-small-font-size\">1 s\u00e8che chaussure 5 emplacements (Quadralp)<\/li>\n\n\n\n<li class=\"has-small-font-size\">1 four combin\u00e9 Panasonic<\/li>\n\n\n\n<li class=\"has-small-font-size\">1 lave vaisselle Bosch<\/li>\n\n\n\n<li class=\"has-small-font-size\">1 r\u00e9frig\u00e9rateur Arthur Martin<\/li>\n\n\n\n<li class=\"has-small-font-size\">1 machine \u00e0&nbsp;Nespresso Magimix<\/li>\n\n\n\n<li class=\"has-small-font-size\">1 station m\u00e9t\u00e9o noire (Bresser)<\/li>\n\n\n\n<li class=\"has-small-font-size\">1 r\u00e9veil ik\u00e9a gris dans la cuisine<\/li>\n\n\n\n<li class=\"has-small-font-size\">1 radio r\u00e9veil dans la chambre parentale<\/li>\n\n\n\n<li class=\"has-small-font-size\">1 cafeti\u00e8re Moulinex<\/li>\n\n\n\n<li class=\"has-small-font-size\">1 bouilloire<\/li>\n\n\n\n<li class=\"has-small-font-size\">1&nbsp;grille pain Moulinex<\/li>\n\n\n\n<li class=\"has-small-font-size\">1 plaque \u00e0 induction 2 feux<\/li>\n\n\n\n<li class=\"has-small-font-size\">1 appareil pour mixer soupe Moulinex Turbomix<\/li>\n\n\n\n<li class=\"has-small-font-size\">1 appareil \u00e0 raclette (6 personnes)<\/li>\n\n\n\n<li class=\"has-small-font-size\">1 fer \u00e0 repasser + tapis<\/li>\n\n\n\n<li class=\"has-small-font-size\">1 mini chauffage d\u2019appoint<\/li>\n\n\n\n<li class=\"has-small-font-size\">1 \u00e9tendoir + pince \u00e0 linge<\/li>\n\n\n\n<li class=\"has-small-font-size\">1 aspirateur Dyson sans fil + 2 embouts<\/li>\n\n\n\n<li class=\"has-small-font-size\">1 seau + pelle + mini balai + balai pour laver les sols + bassine<\/li>\n<\/ul>\n\n\n\n<h3 class=\"wp-block-heading\">&nbsp;<strong>Mobiliers<\/strong><\/h3>\n\n\n\n<h4 class=\"wp-block-heading\">Cuisine :<\/h4>\n\n\n\n<ul>\n<li class=\"has-small-font-size\">1 table en bois<\/li>\n\n\n\n<li class=\"has-small-font-size\">1 banc coffre en bois<\/li>\n\n\n\n<li class=\"has-small-font-size\">8 coussins (4 rouges et 4 gris) pour le banc coffre de la table<\/li>\n\n\n\n<li class=\"has-small-font-size\">4 tabourets en bois<\/li>\n\n\n\n<li class=\"has-small-font-size\">1 chaise en bois ( chambre parentale)<\/li>\n\n\n\n<li class=\"has-small-font-size\">1 photo montagne au dessus de la table<\/li>\n\n\n\n<li class=\"has-small-font-size\">1 grand miroir au dessus du canap\u00e9<\/li>\n\n\n\n<li class=\"has-small-font-size\">3 cadres en bois avec animal dans l\u2019escalier<\/li>\n<\/ul>\n\n\n\n<h4 class=\"wp-block-heading\">Chambres :<\/h4>\n\n\n\n<ul>\n<li class=\"has-small-font-size\">2 lits gigognes (2 matelas)<\/li>\n\n\n\n<li class=\"has-small-font-size\">1 lit superpos\u00e9 (2 matelas)<\/li>\n\n\n\n<li class=\"has-small-font-size\">1 lit coffre double 160*200 cms (1 matelas)<\/li>\n\n\n\n<li class=\"has-small-font-size\">1 photo de montagne au dessus du lit parental<\/li>\n\n\n\n<li class=\"has-small-font-size\">1 cadre photo Paradiski (chambre enfants)<\/li>\n\n\n\n<li class=\"has-small-font-size\">5 couettes 1 personne<\/li>\n\n\n\n<li class=\"has-small-font-size\">1 couette 2 personnes<\/li>\n\n\n\n<li class=\"has-small-font-size\">4 al\u00e8ses 1 personne<\/li>\n\n\n\n<li class=\"has-small-font-size\">1 al\u00e8se 2 personnes<\/li>\n\n\n\n<li class=\"has-small-font-size\">6 oreillers 65*65 cms<\/li>\n\n\n\n<li class=\"has-small-font-size\">4 prot\u00e8ges oreillers<\/li>\n\n\n\n<li class=\"has-small-font-size\">1 barri\u00e8re de protection pour les escaliers ( sous le lit parental)<\/li>\n\n\n\n<li class=\"has-small-font-size\">4 coussins gris + 2 coussins rouges pour&nbsp;lit gigogne du haut<\/li>\n\n\n\n<li class=\"has-small-font-size\">1 housse de canap\u00e9 grise pour&nbsp;lit gigogne du haut<\/li>\n\n\n\n<li class=\"has-small-font-size\">2 \u00e9normes coussins gris pour lit gigogne du bas (canap\u00e9)<\/li>\n\n\n\n<li class=\"has-small-font-size\">1 housse de canap\u00e9 grise pour lit gigogne du bas (canap\u00e9)<\/li>\n<\/ul>\n\n\n\n<h3 class=\"wp-block-heading\"><strong>Vaisselles&nbsp;<\/strong><\/h3>\n\n\n\n<ul>\n<li class=\"has-small-font-size\">12 assiettes grises<\/li>\n\n\n\n<li class=\"has-small-font-size\">12 assiettes grises \u00e0 soupe<\/li>\n\n\n\n<li class=\"has-small-font-size\">12 assiettes grises \u00e0 dessert<\/li>\n\n\n\n<li class=\"has-small-font-size\">2 carafes \u00e0 eau<\/li>\n\n\n\n<li class=\"has-small-font-size\">12 verres \u00e0 eau<\/li>\n\n\n\n<li class=\"has-small-font-size\">6 verres \u00e0 vin<\/li>\n\n\n\n<li class=\"has-small-font-size\">5 grands verres<\/li>\n\n\n\n<li class=\"has-small-font-size\">7 petits verres<\/li>\n\n\n\n<li class=\"has-small-font-size\">4 mugs gris + 2 mugs blancs<\/li>\n\n\n\n<li class=\"has-small-font-size\">4 bols gris + 2 bols blancs<\/li>\n\n\n\n<li class=\"has-small-font-size\">5 tasses \u00e0 caf\u00e9<\/li>\n\n\n\n<li class=\"has-small-font-size\">2 po\u00eales T\u00e9fal feu \u00e0 induction<\/li>\n\n\n\n<li class=\"has-small-font-size\">2 casseroles T\u00e9fal feu \u00e0 induction<\/li>\n\n\n\n<li class=\"has-small-font-size\">2&nbsp;poign\u00e9es \u00e0 casseroles amovibles<\/li>\n\n\n\n<li class=\"has-small-font-size\">5 couvercles \u00e0 po\u00eales (2 plastiques + 3&nbsp;alu)<\/li>\n\n\n\n<li class=\"has-small-font-size\">1 fait tout<\/li>\n\n\n\n<li class=\"has-small-font-size\">3 saladiers<\/li>\n\n\n\n<li class=\"has-small-font-size\">2 \u00e9gouttoirs<\/li>\n\n\n\n<li class=\"has-small-font-size\">5&nbsp;plats (4 blancs rectangulaires + 1 en verre)<\/li>\n\n\n\n<li class=\"has-small-font-size\">1 couvercle prot\u00e8ge micro onde<\/li>\n\n\n\n<li class=\"has-small-font-size\">4 tupperwares<\/li>\n\n\n\n<li class=\"has-small-font-size\">1 essoreuse \u00e0 salade<\/li>\n\n\n\n<li class=\"has-small-font-size\">1 verre doseur<\/li>\n\n\n\n<li class=\"has-small-font-size\">1 presse citron<\/li>\n\n\n\n<li class=\"has-small-font-size\">3 moules \u00e0 four rond<\/li>\n\n\n\n<li class=\"has-small-font-size\">1 moule \u00e0 g\u00e2teau rectangulaire<\/li>\n\n\n\n<li class=\"has-small-font-size\">1 grille sur pied pour le four<\/li>\n\n\n\n<li class=\"has-small-font-size\">1 \u00e9gouttoir \u00e0 couverts<\/li>\n\n\n\n<li class=\"has-small-font-size\">17 cuill\u00e8res \u00e0 soupe<\/li>\n\n\n\n<li class=\"has-small-font-size\">8 fourchettes<\/li>\n\n\n\n<li class=\"has-small-font-size\">19 petites cuill\u00e8res<\/li>\n\n\n\n<li class=\"has-small-font-size\">18 couteaux \u00e0 bout rond<\/li>\n\n\n\n<li class=\"has-small-font-size\">4 couteaux pointus<\/li>\n\n\n\n<li class=\"has-small-font-size\">8&nbsp;grands couteaux \u00e0 d\u00e9coupe<\/li>\n\n\n\n<li class=\"has-small-font-size\">2 \u00e9pluches l\u00e9gumes<\/li>\n\n\n\n<li class=\"has-small-font-size\">4 cuill\u00e8res en bois<\/li>\n\n\n\n<li class=\"has-small-font-size\">1 grand ciseau<\/li>\n\n\n\n<li class=\"has-small-font-size\">1 fouet<\/li>\n\n\n\n<li class=\"has-small-font-size\">1 cuill\u00e8re en plastique<\/li>\n\n\n\n<li class=\"has-small-font-size\">1 grande cuill\u00e8re \u00e0 p\u00e2tes<\/li>\n\n\n\n<li class=\"has-small-font-size\">1 louche<\/li>\n\n\n\n<li class=\"has-small-font-size\">3 mini \u00e9gouttoirs<\/li>\n\n\n\n<li class=\"has-small-font-size\">3 tires bouchon<\/li>\n\n\n\n<li class=\"has-small-font-size\">1 r\u00e2pe \u00e0 fromages<\/li>\n\n\n\n<li class=\"has-small-font-size\">1 couteau \u00e0 huitre<\/li>\n\n\n\n<li class=\"has-small-font-size\">1 sablier<\/li>\n\n\n\n<li class=\"has-small-font-size\">2 ouvres boites<\/li>\n\n\n\n<li class=\"has-small-font-size\">1 casse noisette<\/li>\n\n\n\n<li class=\"has-small-font-size\">1 dessous plat<\/li>\n\n\n\n<li class=\"has-small-font-size\">8 pinces en m\u00e9tal<\/li>\n\n\n\n<li class=\"has-small-font-size\">1 poubelle grise Brabantia 12L<\/li>\n\n\n\n<li class=\"has-small-font-size\">2 planches \u00e0 d\u00e9couper (1 en bois + 1 en plastique)<\/li>\n<\/ul>\n\n\n\n<h3 class=\"wp-block-heading\"><strong>Ext\u00e9rieur&nbsp;<\/strong><\/h3>\n\n\n\n<ul>\n<li class=\"has-small-font-size\">1 table m\u00e9tallique de jardin rouge<\/li>\n\n\n\n<li class=\"has-small-font-size\">2 chaises de jardin m\u00e9talliques noires<\/li>\n\n\n\n<li class=\"has-small-font-size\">1 escabeau<\/li>\n<\/ul>\n\n\n\n<h3 class=\"wp-block-heading\"><strong>Divers&nbsp;<\/strong><\/h3>\n\n\n\n<ul>\n<li class=\"has-small-font-size\">3 luges (une grande rouge et 2 jaunes)<\/li>\n\n\n\n<li class=\"has-small-font-size\">Scrabble + Taboo + Pictionnary + jeux de carte<\/li>\n\n\n\n<li class=\"has-small-font-size\">Une boite \u00e0 outils<\/li>\n\n\n\n<li class=\"has-small-font-size\">Notices des appareils \u00e9lectro-m\u00e9nagers<\/li>\n<\/ul>\n\n\n\n<p><strong>PS : il y a un accro sur le rebord de la baignoire de la salle de bain.<\/strong><\/p>\n","protected":false},"excerpt":{"rendered":"<p>Pouvez-vous, SVP, v\u00e9rifier \u00e0 votre arriv\u00e9e qu\u2019il ne manque rien et nous le signaler si vous constatez des probl\u00e8mes ou choses manquantes. Nous ne vous demandons pas de compter les petites cuill\u00e8res, fourchettes etc&#8230;, mais de v\u00e9rifier qu\u2019il y a l&#8217;ensemble des objets not\u00e9s sur cet inventaire. Si jamais vous cassez une assiette ou un [&hellip;]<\/p>\n","protected":false},"author":1,"featured_media":0,"parent":58,"menu_order":3,"comment_status":"closed","ping_status":"closed","template":"","meta":{"om_disable_all_campaigns":false,"_monsterinsights_skip_tracking":false,"_monsterinsights_sitenote_active":false,"_monsterinsights_sitenote_note":"","_monsterinsights_sitenote_category":0,"footnotes":""},"aioseo_notices":[],"_links":{"self":[{"href":"https:\/\/duplex-lesarcs1800.fr\/index.php?rest_route=\/wp\/v2\/pages\/60"}],"collection":[{"href":"https:\/\/duplex-lesarcs1800.fr\/index.php?rest_route=\/wp\/v2\/pages"}],"about":[{"href":"https:\/\/duplex-lesarcs1800.fr\/index.php?rest_route=\/wp\/v2\/types\/page"}],"author":[{"embeddable":true,"href":"https:\/\/duplex-lesarcs1800.fr\/index.php?rest_route=\/wp\/v2\/users\/1"}],"replies":[{"embeddable":true,"href":"https:\/\/duplex-lesarcs1800.fr\/index.php?rest_route=%2Fwp%2Fv2%2Fcomments&post=60"}],"version-history":[{"count":2,"href":"https:\/\/duplex-lesarcs1800.fr\/index.php?rest_route=\/wp\/v2\/pages\/60\/revisions"}],"predecessor-version":[{"id":545,"href":"https:\/\/duplex-lesarcs1800.fr\/index.php?rest_route=\/wp\/v2\/pages\/60\/revisions\/545"}],"up":[{"embeddable":true,"href":"https:\/\/duplex-lesarcs1800.fr\/index.php?rest_route=\/wp\/v2\/pages\/58"}],"wp:attachment":[{"href":"https:\/\/duplex-lesarcs1800.fr\/index.php?rest_route=%2Fwp%2Fv2%2Fmedia&parent=60"}],"curies":[{"name":"wp","href":"https:\/\/api.w.org\/{rel}","templated":true}]}}