{"id":56,"date":"2023-10-14T19:04:18","date_gmt":"2023-10-14T17:04:18","guid":{"rendered":"https:\/\/duplex-lesarcs1800.fr\/?page_id=56"},"modified":"2023-10-14T19:24:38","modified_gmt":"2023-10-14T17:24:38","slug":"bons-plans","status":"publish","type":"page","link":"https:\/\/duplex-lesarcs1800.fr\/?page_id=56","title":{"rendered":"Bons plans"},"content":{"rendered":"\n<ul>\n<li><strong>Boulangerie<\/strong> :<\/li>\n<\/ul>\n\n\n\n<p>La meilleure boulangerie ( \u00e0 notre gout) se trouve dans la galerie commerciale des arcs 1800 (Mathilde Boulangerie). Il faut environ 20 minutes de l&#8217;appartement pour s&#8217;y rendre.<br>La boulangerie qui se trouve dans notre r\u00e9sidence est tout \u00e0 fait acceptable. Il faut environ 2 minutes pour s&#8217;y rendre et c&#8217;est appr\u00e9ciable pour avoir son pain frais au petit d\u00e9jeuner.<\/p>\n\n\n\n<ul>\n<li><strong>Courses<\/strong><\/li>\n<\/ul>\n\n\n\n<p>Nous vous conseillons de faire un drive chez super U pour vos courses d&#8217;arriv\u00e9e.<br>Le super U se trouve \u00e0 Bourg Saint Maurice. Vous demandez la livraison de vos courses vers l&#8217;heure de votre arriv\u00e9e et vous les r\u00e9cup\u00e9rez avant de monter \u00e0 la station.<\/p>\n\n\n\n<ul>\n<li><strong>Cours de ski<\/strong><\/li>\n<\/ul>\n\n\n\n<p>Pour les cours de ski, nous vous conseillons l&#8217; ESI ( \u00e9cole de ski internationale).<br>Elle se situe juste \u00e0 c\u00f4te de la r\u00e9sidence ( 5 min \u00e0 pied).<br>Les moniteurs ont suivi la m\u00eame formation que l&#8217;ESF (\u00e9cole de ski fran\u00e7aise) et les moniteurs parlent parfaitement le fran\u00e7ais.<\/p>\n","protected":false},"excerpt":{"rendered":"<p>La meilleure boulangerie ( \u00e0 notre gout) se trouve dans la galerie commerciale des arcs 1800 (Mathilde Boulangerie). Il faut environ 20 minutes de l&#8217;appartement pour s&#8217;y rendre.La boulangerie qui se trouve dans notre r\u00e9sidence est tout \u00e0 fait acceptable. Il faut environ 2 minutes pour s&#8217;y rendre et c&#8217;est appr\u00e9ciable pour avoir son pain [&hellip;]<\/p>\n","protected":false},"author":1,"featured_media":0,"parent":58,"menu_order":0,"comment_status":"closed","ping_status":"closed","template":"","meta":{"om_disable_all_campaigns":false,"_monsterinsights_skip_tracking":false,"_monsterinsights_sitenote_active":false,"_monsterinsights_sitenote_note":"","_monsterinsights_sitenote_category":0,"footnotes":""},"aioseo_notices":[],"_links":{"self":[{"href":"https:\/\/duplex-lesarcs1800.fr\/index.php?rest_route=\/wp\/v2\/pages\/56"}],"collection":[{"href":"https:\/\/duplex-lesarcs1800.fr\/index.php?rest_route=\/wp\/v2\/pages"}],"about":[{"href":"https:\/\/duplex-lesarcs1800.fr\/index.php?rest_route=\/wp\/v2\/types\/page"}],"author":[{"embeddable":true,"href":"https:\/\/duplex-lesarcs1800.fr\/index.php?rest_route=\/wp\/v2\/users\/1"}],"replies":[{"embeddable":true,"href":"https:\/\/duplex-lesarcs1800.fr\/index.php?rest_route=%2Fwp%2Fv2%2Fcomments&post=56"}],"version-history":[{"count":1,"href":"https:\/\/duplex-lesarcs1800.fr\/index.php?rest_route=\/wp\/v2\/pages\/56\/revisions"}],"predecessor-version":[{"id":57,"href":"https:\/\/duplex-lesarcs1800.fr\/index.php?rest_route=\/wp\/v2\/pages\/56\/revisions\/57"}],"up":[{"embeddable":true,"href":"https:\/\/duplex-lesarcs1800.fr\/index.php?rest_route=\/wp\/v2\/pages\/58"}],"wp:attachment":[{"href":"https:\/\/duplex-lesarcs1800.fr\/index.php?rest_route=%2Fwp%2Fv2%2Fmedia&parent=56"}],"curies":[{"name":"wp","href":"https:\/\/api.w.org\/{rel}","templated":true}]}}