{"id":552,"date":"2023-10-25T16:27:47","date_gmt":"2023-10-25T14:27:47","guid":{"rendered":"https:\/\/duplex-lesarcs1800.fr\/?page_id=552"},"modified":"2023-10-25T16:53:23","modified_gmt":"2023-10-25T14:53:23","slug":"le-hall-dentree","status":"publish","type":"page","link":"https:\/\/duplex-lesarcs1800.fr\/?page_id=552","title":{"rendered":"Le hall d&#8217;entr\u00e9e"},"content":{"rendered":"\n<p>Le hall d&#8217;entr\u00e9e contient un espace d\u00e9di\u00e9 pour le rangement des affaires de ski.<br>Il y a un s\u00e8che chaussure \u00e9lectrique et une fourche \u00e0 ski.<\/p>\n\n\n\n<div class=\"wp-block-columns is-layout-flex wp-container-3 wp-block-columns-is-layout-flex\">\n<div class=\"wp-block-column is-layout-flow wp-block-column-is-layout-flow\">\n<figure class=\"wp-block-image size-full is-resized\"><img decoding=\"async\" loading=\"lazy\" width=\"475\" height=\"636\" src=\"https:\/\/duplex-lesarcs1800.fr\/wp-content\/uploads\/2023\/10\/image-11.png\" alt=\"\" class=\"wp-image-570\" style=\"aspect-ratio:0.7468553459119497;width:332px;height:auto\" srcset=\"https:\/\/duplex-lesarcs1800.fr\/wp-content\/uploads\/2023\/10\/image-11.png 475w, https:\/\/duplex-lesarcs1800.fr\/wp-content\/uploads\/2023\/10\/image-11-224x300.png 224w\" sizes=\"(max-width: 475px) 100vw, 475px\" \/><\/figure>\n<\/div>\n\n\n\n<div class=\"wp-block-column is-layout-flow wp-block-column-is-layout-flow\">\n<figure class=\"wp-block-image size-full is-resized\"><img decoding=\"async\" loading=\"lazy\" width=\"593\" height=\"438\" src=\"https:\/\/duplex-lesarcs1800.fr\/wp-content\/uploads\/2023\/10\/image-9.png\" alt=\"\" class=\"wp-image-566\" style=\"aspect-ratio:1.3538812785388128;width:634px;height:auto\" srcset=\"https:\/\/duplex-lesarcs1800.fr\/wp-content\/uploads\/2023\/10\/image-9.png 593w, https:\/\/duplex-lesarcs1800.fr\/wp-content\/uploads\/2023\/10\/image-9-300x222.png 300w\" sizes=\"(max-width: 593px) 100vw, 593px\" \/><\/figure>\n<\/div>\n<\/div>\n\n\n\n<div class=\"wp-block-columns is-layout-flex wp-container-6 wp-block-columns-is-layout-flex\">\n<div class=\"wp-block-column is-layout-flow wp-block-column-is-layout-flow\">\n<figure class=\"wp-block-image size-full is-resized\"><img decoding=\"async\" loading=\"lazy\" width=\"480\" height=\"640\" src=\"http:\/\/duplex-lesarcs1800.fr\/wp-content\/uploads\/2023\/10\/IMG_5943-rotated.jpg\" alt=\"\" class=\"wp-image-364\" style=\"aspect-ratio:0.75;width:416px;height:auto\" srcset=\"https:\/\/duplex-lesarcs1800.fr\/wp-content\/uploads\/2023\/10\/IMG_5943-rotated.jpg 480w, https:\/\/duplex-lesarcs1800.fr\/wp-content\/uploads\/2023\/10\/IMG_5943-225x300.jpg 225w\" sizes=\"(max-width: 480px) 100vw, 480px\" \/><\/figure>\n<\/div>\n\n\n\n<div class=\"wp-block-column is-layout-flow wp-block-column-is-layout-flow\">\n<figure class=\"wp-block-image size-full is-resized\"><img decoding=\"async\" loading=\"lazy\" width=\"480\" height=\"640\" src=\"https:\/\/duplex-lesarcs1800.fr\/wp-content\/uploads\/2023\/10\/IMG_4612-1-rotated.jpg\" alt=\"\" class=\"wp-image-578\" style=\"aspect-ratio:0.75;width:412px;height:auto\" srcset=\"https:\/\/duplex-lesarcs1800.fr\/wp-content\/uploads\/2023\/10\/IMG_4612-1-rotated.jpg 480w, https:\/\/duplex-lesarcs1800.fr\/wp-content\/uploads\/2023\/10\/IMG_4612-1-225x300.jpg 225w\" sizes=\"(max-width: 480px) 100vw, 480px\" \/><\/figure>\n<\/div>\n<\/div>\n\n\n\n<div class=\"wp-block-columns is-layout-flex wp-container-9 wp-block-columns-is-layout-flex\">\n<div class=\"wp-block-column is-layout-flow wp-block-column-is-layout-flow\">\n<figure class=\"wp-block-image size-full is-resized\"><img decoding=\"async\" loading=\"lazy\" width=\"225\" height=\"300\" src=\"https:\/\/duplex-lesarcs1800.fr\/wp-content\/uploads\/2023\/10\/6uorgmtp.png\" alt=\"\" class=\"wp-image-553\" style=\"aspect-ratio:0.75;width:423px;height:auto\"\/><\/figure>\n<\/div>\n\n\n\n<div class=\"wp-block-column is-layout-flow wp-block-column-is-layout-flow\">\n<figure class=\"wp-block-image size-full\"><img decoding=\"async\" loading=\"lazy\" width=\"421\" height=\"561\" src=\"https:\/\/duplex-lesarcs1800.fr\/wp-content\/uploads\/2023\/10\/image-10.png\" alt=\"\" class=\"wp-image-568\" srcset=\"https:\/\/duplex-lesarcs1800.fr\/wp-content\/uploads\/2023\/10\/image-10.png 421w, https:\/\/duplex-lesarcs1800.fr\/wp-content\/uploads\/2023\/10\/image-10-225x300.png 225w\" sizes=\"(max-width: 421px) 100vw, 421px\" \/><\/figure>\n<\/div>\n<\/div>\n","protected":false},"excerpt":{"rendered":"<p>Le hall d&#8217;entr\u00e9e contient un espace d\u00e9di\u00e9 pour le rangement des affaires de ski.Il y a un s\u00e8che chaussure \u00e9lectrique et une fourche \u00e0 ski.<\/p>\n","protected":false},"author":1,"featured_media":0,"parent":0,"menu_order":0,"comment_status":"closed","ping_status":"closed","template":"","meta":{"om_disable_all_campaigns":false,"_monsterinsights_skip_tracking":false,"_monsterinsights_sitenote_active":false,"_monsterinsights_sitenote_note":"","_monsterinsights_sitenote_category":0,"footnotes":""},"aioseo_notices":[],"_links":{"self":[{"href":"https:\/\/duplex-lesarcs1800.fr\/index.php?rest_route=\/wp\/v2\/pages\/552"}],"collection":[{"href":"https:\/\/duplex-lesarcs1800.fr\/index.php?rest_route=\/wp\/v2\/pages"}],"about":[{"href":"https:\/\/duplex-lesarcs1800.fr\/index.php?rest_route=\/wp\/v2\/types\/page"}],"author":[{"embeddable":true,"href":"https:\/\/duplex-lesarcs1800.fr\/index.php?rest_route=\/wp\/v2\/users\/1"}],"replies":[{"embeddable":true,"href":"https:\/\/duplex-lesarcs1800.fr\/index.php?rest_route=%2Fwp%2Fv2%2Fcomments&post=552"}],"version-history":[{"count":6,"href":"https:\/\/duplex-lesarcs1800.fr\/index.php?rest_route=\/wp\/v2\/pages\/552\/revisions"}],"predecessor-version":[{"id":579,"href":"https:\/\/duplex-lesarcs1800.fr\/index.php?rest_route=\/wp\/v2\/pages\/552\/revisions\/579"}],"wp:attachment":[{"href":"https:\/\/duplex-lesarcs1800.fr\/index.php?rest_route=%2Fwp%2Fv2%2Fmedia&parent=552"}],"curies":[{"name":"wp","href":"https:\/\/api.w.org\/{rel}","templated":true}]}}