{"id":37,"date":"2023-10-10T14:48:30","date_gmt":"2023-10-10T12:48:30","guid":{"rendered":"https:\/\/duplex-lesarcs1800.fr\/?page_id=37"},"modified":"2023-10-27T09:09:15","modified_gmt":"2023-10-27T07:09:15","slug":"le-rdc","status":"publish","type":"page","link":"https:\/\/duplex-lesarcs1800.fr\/?page_id=37","title":{"rendered":"Le RDC"},"content":{"rendered":"\n<h1 class=\"wp-block-heading has-small-font-size\"><u>Au RDC &#8211; 16m2 <\/u><em>:<\/em><\/h1>\n\n\n\n<div class=\"wp-block-columns is-layout-flex wp-container-2 wp-block-columns-is-layout-flex\">\n<div class=\"wp-block-column is-layout-flow wp-block-column-is-layout-flow\">\n<figure class=\"wp-block-image size-full\"><img decoding=\"async\" loading=\"lazy\" width=\"1024\" height=\"769\" src=\"http:\/\/duplex-lesarcs1800-fr.preview-domain.com\/wp-content\/uploads\/2023\/10\/2017-01-09_132715-2.jpg\" alt=\"\" class=\"wp-image-608\" srcset=\"https:\/\/duplex-lesarcs1800.fr\/wp-content\/uploads\/2023\/10\/2017-01-09_132715-2.jpg 1024w, https:\/\/duplex-lesarcs1800.fr\/wp-content\/uploads\/2023\/10\/2017-01-09_132715-2-300x225.jpg 300w, https:\/\/duplex-lesarcs1800.fr\/wp-content\/uploads\/2023\/10\/2017-01-09_132715-2-768x577.jpg 768w\" sizes=\"(max-width: 1024px) 100vw, 1024px\" \/><\/figure>\n<\/div>\n<\/div>\n\n\n\n<p class=\"has-small-font-size\">En rentrant dans l&#8217;appartement, un coin rangement montagne vous attend. Il est \u00e9quip\u00e9 de mat\u00e9riel professionnel: s\u00e8che chaussures, fourches \u00e0 ski, penderie pour stocker vos combinaisons et \u00e9tag\u00e8re pour les casques. Face \u00e0 ces rangements, un chauffage permet de s\u00e9cher le tout et de les garder au chaud pour le lendemain matin.<br>En face, un coin salle de bain compos\u00e9 d&#8217;une baignoire, d&#8217;un lavabo et des toilettes. Il s&#8217;agit d&#8217;une salle de bain &#8220;originale&#8221; Charlotte Perriand, compos\u00e9 de coque en polyest\u00e8re et fibre de verre (voir les photos). Nous avons choisi de conserver cette pi\u00e8ce en l&#8217;\u00e9tat (en modernisant les sols, les toilettes, &#8230;).<br>Le couloir longe l&#8217;escalier d&#8217;acc\u00e8s \u00e0 l&#8217;\u00e9tage qui comporte un ensemble de placard sur lequel vient s&#8217;appuyer l&#8217;escalier. La encore, une \u0153uvre &#8220;originale&#8221; Charlotte Perriand que nous avons choisi de garder en l&#8217;\u00e9tat.<br>La cuisine a \u00e9t\u00e9 enti\u00e8rement refaite en 2016 et est \u00e9quip\u00e9e de mat\u00e9riel moderne: plaque \u00e0 induction, four combin\u00e9 micro-onde, lave-vaisselle, frigo.<br>Le coin repas est compos\u00e9 d&#8217;une table, d&#8217;un banc et de trois chaises. Un canap\u00e9 (lit gigogne) permet de profiter de la soir\u00e9e. La pi\u00e8ce est \u00e9quip\u00e9e d&#8217;une t\u00e9l\u00e9 \u00e0 \u00e9cran plat.<\/p>\n\n\n\n<div class=\"wp-block-columns is-layout-flex wp-container-5 wp-block-columns-is-layout-flex\">\n<div class=\"wp-block-column is-layout-flow wp-block-column-is-layout-flow\">\n<figure class=\"wp-block-image size-large\"><img decoding=\"async\" src=\"http:\/\/duplex-lesarcs1800-fr.preview-domain.com\/wp-content\/uploads\/2023\/10\/IMG_6788-scaled.jpg\" alt=\"\"\/><\/figure>\n<\/div>\n\n\n\n<div class=\"wp-block-column is-layout-flow wp-block-column-is-layout-flow\">\n<figure class=\"wp-block-image size-large is-resized\"><img decoding=\"async\" src=\"http:\/\/duplex-lesarcs1800-fr.preview-domain.com\/wp-content\/uploads\/2023\/10\/IMG_4618-scaled.jpg\" alt=\"\" style=\"aspect-ratio:1.3333333333333333;width:495px;height:auto\"\/><\/figure>\n<\/div>\n<\/div>\n\n\n\n<div class=\"wp-block-columns is-layout-flex wp-container-8 wp-block-columns-is-layout-flex\">\n<div class=\"wp-block-column is-layout-flow wp-block-column-is-layout-flow\">\n<figure class=\"wp-block-image size-large is-style-default\"><img decoding=\"async\" src=\"http:\/\/duplex-lesarcs1800-fr.preview-domain.com\/wp-content\/uploads\/2023\/10\/IMG_4620-scaled.jpg\" alt=\"\"\/><\/figure>\n<\/div>\n\n\n\n<div class=\"wp-block-column is-layout-flow wp-block-column-is-layout-flow\">\n<figure class=\"wp-block-image size-large\"><img decoding=\"async\" src=\"http:\/\/duplex-lesarcs1800-fr.preview-domain.com\/wp-content\/uploads\/2023\/10\/IMG_5965-scaled.jpg\" alt=\"\"\/><\/figure>\n<\/div>\n<\/div>\n\n\n\n<div class=\"wp-block-columns is-layout-flex wp-container-11 wp-block-columns-is-layout-flex\">\n<div class=\"wp-block-column is-layout-flow wp-block-column-is-layout-flow\">\n<figure class=\"wp-block-image size-large\"><img decoding=\"async\" src=\"http:\/\/duplex-lesarcs1800-fr.preview-domain.com\/wp-content\/uploads\/2023\/10\/IMG_5947-scaled.jpg\" alt=\"\"\/><\/figure>\n<\/div>\n\n\n\n<div class=\"wp-block-column is-layout-flow wp-block-column-is-layout-flow\">\n<figure class=\"wp-block-image size-large\"><img decoding=\"async\" src=\"http:\/\/duplex-lesarcs1800-fr.preview-domain.com\/wp-content\/uploads\/2023\/10\/IMG_6786-1-scaled.jpg\" alt=\"\"\/><\/figure>\n<\/div>\n<\/div>\n\n\n\n<div class=\"wp-block-columns is-layout-flex wp-container-14 wp-block-columns-is-layout-flex\">\n<div class=\"wp-block-column is-layout-flow wp-block-column-is-layout-flow\">\n<figure class=\"wp-block-image size-large\"><img decoding=\"async\" src=\"http:\/\/duplex-lesarcs1800.fr\/wp-content\/uploads\/2023\/10\/IMG_6749-scaled.jpg\" alt=\"\"\/><\/figure>\n<\/div>\n\n\n\n<div class=\"wp-block-column is-layout-flow wp-block-column-is-layout-flow\">\n<figure class=\"wp-block-image size-large is-resized\"><img decoding=\"async\" src=\"http:\/\/duplex-lesarcs1800.fr\/wp-content\/uploads\/2023\/10\/image2-1-scaled-2.jpeg\" alt=\"\" style=\"aspect-ratio:1.3333333333333333;width:544px;height:auto\"\/><\/figure>\n<\/div>\n<\/div>\n","protected":false},"excerpt":{"rendered":"<p>Au RDC &#8211; 16m2 : En rentrant dans l&#8217;appartement, un coin rangement montagne vous attend. Il est \u00e9quip\u00e9 de mat\u00e9riel professionnel: s\u00e8che chaussures, fourches \u00e0 ski, penderie pour stocker vos combinaisons et \u00e9tag\u00e8re pour les casques. Face \u00e0 ces rangements, un chauffage permet de s\u00e9cher le tout et de les garder au chaud pour le [&hellip;]<\/p>\n","protected":false},"author":1,"featured_media":0,"parent":277,"menu_order":1,"comment_status":"closed","ping_status":"closed","template":"","meta":{"om_disable_all_campaigns":false,"_monsterinsights_skip_tracking":false,"_monsterinsights_sitenote_active":false,"_monsterinsights_sitenote_note":"","_monsterinsights_sitenote_category":0,"footnotes":""},"aioseo_notices":[],"_links":{"self":[{"href":"https:\/\/duplex-lesarcs1800.fr\/index.php?rest_route=\/wp\/v2\/pages\/37"}],"collection":[{"href":"https:\/\/duplex-lesarcs1800.fr\/index.php?rest_route=\/wp\/v2\/pages"}],"about":[{"href":"https:\/\/duplex-lesarcs1800.fr\/index.php?rest_route=\/wp\/v2\/types\/page"}],"author":[{"embeddable":true,"href":"https:\/\/duplex-lesarcs1800.fr\/index.php?rest_route=\/wp\/v2\/users\/1"}],"replies":[{"embeddable":true,"href":"https:\/\/duplex-lesarcs1800.fr\/index.php?rest_route=%2Fwp%2Fv2%2Fcomments&post=37"}],"version-history":[{"count":8,"href":"https:\/\/duplex-lesarcs1800.fr\/index.php?rest_route=\/wp\/v2\/pages\/37\/revisions"}],"predecessor-version":[{"id":674,"href":"https:\/\/duplex-lesarcs1800.fr\/index.php?rest_route=\/wp\/v2\/pages\/37\/revisions\/674"}],"up":[{"embeddable":true,"href":"https:\/\/duplex-lesarcs1800.fr\/index.php?rest_route=\/wp\/v2\/pages\/277"}],"wp:attachment":[{"href":"https:\/\/duplex-lesarcs1800.fr\/index.php?rest_route=%2Fwp%2Fv2%2Fmedia&parent=37"}],"curies":[{"name":"wp","href":"https:\/\/api.w.org\/{rel}","templated":true}]}}