{"id":274,"date":"2023-10-15T16:58:45","date_gmt":"2023-10-15T14:58:45","guid":{"rendered":"https:\/\/duplex-lesarcs1800.fr\/?page_id=274"},"modified":"2023-10-15T18:43:21","modified_gmt":"2023-10-15T16:43:21","slug":"274-2","status":"publish","type":"page","link":"https:\/\/duplex-lesarcs1800.fr\/?page_id=274","title":{"rendered":"Photos"},"content":{"rendered":"\n<p><a href=\"https:\/\/duplex-lesarcs1800.fr\/?page_id=274\" title=\"RDC\">Photos du RDC<br><\/a><a href=\"https:\/\/duplex-lesarcs1800.fr\/?page_id=416\" title=\"\">Photos du 1er \u00e9tage<br><\/a><a href=\"https:\/\/duplex-lesarcs1800.fr\/?page_id=33\" title=\"Le t\u00e9l\u00e9si\u00e8ge \u00e0 proximit\u00e9\">Photos de la R\u00e9sidence<\/a><br><a href=\"https:\/\/duplex-lesarcs1800.fr\/?page_id=138\" title=\"Le t\u00e9l\u00e9si\u00e8ge \u00e0 proximit\u00e9\">Le t\u00e9l\u00e9si\u00e8ge \u00e0 proximit\u00e9<\/a><\/p>\n\n\n\n<p><\/p>\n\n\n\n<p><\/p>\n\n\n\n<p><\/p>\n","protected":false},"excerpt":{"rendered":"<p>Photos du RDCPhotos du 1er \u00e9tagePhotos de la R\u00e9sidenceLe t\u00e9l\u00e9si\u00e8ge \u00e0 proximit\u00e9<\/p>\n","protected":false},"author":1,"featured_media":0,"parent":277,"menu_order":0,"comment_status":"closed","ping_status":"closed","template":"","meta":{"om_disable_all_campaigns":false,"_monsterinsights_skip_tracking":false,"_monsterinsights_sitenote_active":false,"_monsterinsights_sitenote_note":"","_monsterinsights_sitenote_category":0,"footnotes":""},"aioseo_notices":[],"_links":{"self":[{"href":"https:\/\/duplex-lesarcs1800.fr\/index.php?rest_route=\/wp\/v2\/pages\/274"}],"collection":[{"href":"https:\/\/duplex-lesarcs1800.fr\/index.php?rest_route=\/wp\/v2\/pages"}],"about":[{"href":"https:\/\/duplex-lesarcs1800.fr\/index.php?rest_route=\/wp\/v2\/types\/page"}],"author":[{"embeddable":true,"href":"https:\/\/duplex-lesarcs1800.fr\/index.php?rest_route=\/wp\/v2\/users\/1"}],"replies":[{"embeddable":true,"href":"https:\/\/duplex-lesarcs1800.fr\/index.php?rest_route=%2Fwp%2Fv2%2Fcomments&post=274"}],"version-history":[{"count":6,"href":"https:\/\/duplex-lesarcs1800.fr\/index.php?rest_route=\/wp\/v2\/pages\/274\/revisions"}],"predecessor-version":[{"id":418,"href":"https:\/\/duplex-lesarcs1800.fr\/index.php?rest_route=\/wp\/v2\/pages\/274\/revisions\/418"}],"up":[{"embeddable":true,"href":"https:\/\/duplex-lesarcs1800.fr\/index.php?rest_route=\/wp\/v2\/pages\/277"}],"wp:attachment":[{"href":"https:\/\/duplex-lesarcs1800.fr\/index.php?rest_route=%2Fwp%2Fv2%2Fmedia&parent=274"}],"curies":[{"name":"wp","href":"https:\/\/api.w.org\/{rel}","templated":true}]}}