{"id":2,"date":"2023-10-10T13:41:49","date_gmt":"2023-10-10T11:41:49","guid":{"rendered":"http:\/\/duplex-lesarcs1800.fr\/?page_id=2"},"modified":"2023-10-14T18:44:25","modified_gmt":"2023-10-14T16:44:25","slug":"accueil","status":"publish","type":"page","link":"https:\/\/duplex-lesarcs1800.fr\/","title":{"rendered":"Accueil"},"content":{"rendered":"\n<p>Bonjour et bienvenue aux Arcs. <br>Ce site vous pr\u00e9sente notre appartement aux Arc 1800 que nous louons pour la saison hivernale. L&#8217;appartement est situ\u00e9 aux Arcs 1800, la plus grande et la plus vivante des 4 stations des Arcs, dans la village de Charmettoger, r\u00e9sidence Aiguille Grive 2. L&#8217;appartement est un duplex, en bas salle de bain, cuisine, espace de vie. En haut deux chambres s\u00e9par\u00e9es, dont une parentale avec lit en 160*200 cms avec vue sur le massif du mont-blanc. <br>Ci dessous, une visite virtuelle rapide de l&#8217;appartement:<\/p>\n\n\n\n<figure class=\"wp-block-embed is-type-video is-provider-youtube wp-block-embed-youtube wp-embed-aspect-16-9 wp-has-aspect-ratio\"><div class=\"wp-block-embed__wrapper\">\n<iframe loading=\"lazy\" title=\"LesArcs 1800 - appartement pour 5 personnes \u00e0 louer\" width=\"500\" height=\"281\" src=\"https:\/\/www.youtube.com\/embed\/zPPB_tl2qlM?feature=oembed\" frameborder=\"0\" allow=\"accelerometer; autoplay; clipboard-write; encrypted-media; gyroscope; picture-in-picture; web-share\" allowfullscreen><\/iframe>\n<\/div><\/figure>\n","protected":false},"excerpt":{"rendered":"<p>Bonjour et bienvenue aux Arcs. Ce site vous pr\u00e9sente notre appartement aux Arc 1800 que nous louons pour la saison hivernale. L&#8217;appartement est situ\u00e9 aux Arcs 1800, la plus grande et la plus vivante des 4 stations des Arcs, dans la village de Charmettoger, r\u00e9sidence Aiguille Grive 2. L&#8217;appartement est un duplex, en bas salle [&hellip;]<\/p>\n","protected":false},"author":1,"featured_media":0,"parent":0,"menu_order":0,"comment_status":"closed","ping_status":"closed","template":"","meta":{"om_disable_all_campaigns":false,"_monsterinsights_skip_tracking":false,"_monsterinsights_sitenote_active":false,"_monsterinsights_sitenote_note":"","_monsterinsights_sitenote_category":0,"footnotes":""},"aioseo_notices":[],"_links":{"self":[{"href":"https:\/\/duplex-lesarcs1800.fr\/index.php?rest_route=\/wp\/v2\/pages\/2"}],"collection":[{"href":"https:\/\/duplex-lesarcs1800.fr\/index.php?rest_route=\/wp\/v2\/pages"}],"about":[{"href":"https:\/\/duplex-lesarcs1800.fr\/index.php?rest_route=\/wp\/v2\/types\/page"}],"author":[{"embeddable":true,"href":"https:\/\/duplex-lesarcs1800.fr\/index.php?rest_route=\/wp\/v2\/users\/1"}],"replies":[{"embeddable":true,"href":"https:\/\/duplex-lesarcs1800.fr\/index.php?rest_route=%2Fwp%2Fv2%2Fcomments&post=2"}],"version-history":[{"count":2,"href":"https:\/\/duplex-lesarcs1800.fr\/index.php?rest_route=\/wp\/v2\/pages\/2\/revisions"}],"predecessor-version":[{"id":46,"href":"https:\/\/duplex-lesarcs1800.fr\/index.php?rest_route=\/wp\/v2\/pages\/2\/revisions\/46"}],"wp:attachment":[{"href":"https:\/\/duplex-lesarcs1800.fr\/index.php?rest_route=%2Fwp%2Fv2%2Fmedia&parent=2"}],"curies":[{"name":"wp","href":"https:\/\/api.w.org\/{rel}","templated":true}]}}