{"id":18,"date":"2023-10-10T14:11:31","date_gmt":"2023-10-10T12:11:31","guid":{"rendered":"https:\/\/duplex-lesarcs1800.fr\/?page_id=18"},"modified":"2023-10-26T08:45:27","modified_gmt":"2023-10-26T06:45:27","slug":"appartement","status":"publish","type":"page","link":"https:\/\/duplex-lesarcs1800.fr\/?page_id=18","title":{"rendered":"Appartement"},"content":{"rendered":"\n<p class=\"has-small-font-size\">L&#8217;appartement est un studio Duplex situ\u00e9 aux Arcs 1800 quartier Charmettoger dans le&nbsp;b\u00e2timent Aiguille Grive 2. Il a \u00e9t\u00e9 not\u00e9 5 cristaux sur 5 par l&#8217;office sur tourisme des Arcs.<\/p>\n\n\n\n<figure class=\"wp-block-image aligncenter size-full is-resized\"><img decoding=\"async\" loading=\"lazy\" width=\"800\" height=\"570\" src=\"https:\/\/duplex-lesarcs1800-fr.preview-domain.com\/wp-content\/uploads\/2023\/10\/LeBas2022.jpg\" alt=\"\" class=\"wp-image-40\" style=\"aspect-ratio:1.3333333333333333;object-fit:cover;width:603px;height:auto\" srcset=\"https:\/\/duplex-lesarcs1800.fr\/wp-content\/uploads\/2023\/10\/LeBas2022.jpg 800w, https:\/\/duplex-lesarcs1800.fr\/wp-content\/uploads\/2023\/10\/LeBas2022-300x214.jpg 300w, https:\/\/duplex-lesarcs1800.fr\/wp-content\/uploads\/2023\/10\/LeBas2022-768x547.jpg 768w\" sizes=\"(max-width: 800px) 100vw, 800px\" \/><\/figure>\n\n\n\n<p class=\"has-small-font-size\">La r\u00e9sidence et l&#8217;appartement ont \u00e9t\u00e9 con\u00e7u par Charlotte PERRIAND, disciple du Corbusier. Nous l&#8217;avons r\u00e9nov\u00e9 en 2016, en respectant l&#8217;esprit original de l&#8217;architecte et en modernisant tout ce qui en avait besoin.<br>Le nombre d&#8217;occupant est volontairement limit\u00e9 \u00e0 5, afin que vous puissiez pleinement profiter du confort de l&#8217;appartement.<br>La surface habitable est de 32 m2, r\u00e9partie en deux \u00e9tages. La hauteur sous plafond \u00e0 l&#8217;\u00e9tage est de 1m78.<\/p>\n\n\n\n<figure class=\"wp-block-image size-full\"><img decoding=\"async\" loading=\"lazy\" width=\"1024\" height=\"769\" src=\"http:\/\/duplex-lesarcs1800.fr\/wp-content\/uploads\/2023\/10\/2017-01-09_132715-3.jpg\" alt=\"\" class=\"wp-image-610\" srcset=\"https:\/\/duplex-lesarcs1800.fr\/wp-content\/uploads\/2023\/10\/2017-01-09_132715-3.jpg 1024w, https:\/\/duplex-lesarcs1800.fr\/wp-content\/uploads\/2023\/10\/2017-01-09_132715-3-300x225.jpg 300w, https:\/\/duplex-lesarcs1800.fr\/wp-content\/uploads\/2023\/10\/2017-01-09_132715-3-768x577.jpg 768w\" sizes=\"(max-width: 1024px) 100vw, 1024px\" \/><\/figure>\n","protected":false},"excerpt":{"rendered":"<p>L&#8217;appartement est un studio Duplex situ\u00e9 aux Arcs 1800 quartier Charmettoger dans le&nbsp;b\u00e2timent Aiguille Grive 2. Il a \u00e9t\u00e9 not\u00e9 5 cristaux sur 5 par l&#8217;office sur tourisme des Arcs. La r\u00e9sidence et l&#8217;appartement ont \u00e9t\u00e9 con\u00e7u par Charlotte PERRIAND, disciple du Corbusier. Nous l&#8217;avons r\u00e9nov\u00e9 en 2016, en respectant l&#8217;esprit original de l&#8217;architecte et [&hellip;]<\/p>\n","protected":false},"author":1,"featured_media":0,"parent":277,"menu_order":0,"comment_status":"closed","ping_status":"closed","template":"","meta":{"om_disable_all_campaigns":false,"_monsterinsights_skip_tracking":false,"_monsterinsights_sitenote_active":false,"_monsterinsights_sitenote_note":"","_monsterinsights_sitenote_category":0,"footnotes":""},"aioseo_notices":[],"_links":{"self":[{"href":"https:\/\/duplex-lesarcs1800.fr\/index.php?rest_route=\/wp\/v2\/pages\/18"}],"collection":[{"href":"https:\/\/duplex-lesarcs1800.fr\/index.php?rest_route=\/wp\/v2\/pages"}],"about":[{"href":"https:\/\/duplex-lesarcs1800.fr\/index.php?rest_route=\/wp\/v2\/types\/page"}],"author":[{"embeddable":true,"href":"https:\/\/duplex-lesarcs1800.fr\/index.php?rest_route=\/wp\/v2\/users\/1"}],"replies":[{"embeddable":true,"href":"https:\/\/duplex-lesarcs1800.fr\/index.php?rest_route=%2Fwp%2Fv2%2Fcomments&post=18"}],"version-history":[{"count":7,"href":"https:\/\/duplex-lesarcs1800.fr\/index.php?rest_route=\/wp\/v2\/pages\/18\/revisions"}],"predecessor-version":[{"id":611,"href":"https:\/\/duplex-lesarcs1800.fr\/index.php?rest_route=\/wp\/v2\/pages\/18\/revisions\/611"}],"up":[{"embeddable":true,"href":"https:\/\/duplex-lesarcs1800.fr\/index.php?rest_route=\/wp\/v2\/pages\/277"}],"wp:attachment":[{"href":"https:\/\/duplex-lesarcs1800.fr\/index.php?rest_route=%2Fwp%2Fv2%2Fmedia&parent=18"}],"curies":[{"name":"wp","href":"https:\/\/api.w.org\/{rel}","templated":true}]}}