{"id":138,"date":"2023-10-15T16:40:37","date_gmt":"2023-10-15T14:40:37","guid":{"rendered":"https:\/\/duplex-lesarcs1800.fr\/?page_id=138"},"modified":"2023-10-25T15:01:06","modified_gmt":"2023-10-25T13:01:06","slug":"le-telesiege-a-proximite","status":"publish","type":"page","link":"https:\/\/duplex-lesarcs1800.fr\/?page_id=138","title":{"rendered":"Le t\u00e9l\u00e9si\u00e8ge \u00e0 proximit\u00e9"},"content":{"rendered":"\n<p>Le t\u00e9l\u00e9si\u00e8ge le plus proche de la r\u00e9sidence est le Charmettoger. Il est \u00e0 50m en remontant.<\/p>\n\n\n\n<figure class=\"wp-block-gallery has-nested-images columns-default is-cropped wp-block-gallery-1 is-layout-flex wp-block-gallery-is-layout-flex\">\n<figure class=\"wp-block-image size-large\"><img decoding=\"async\" loading=\"lazy\" width=\"1024\" height=\"545\" data-id=\"269\" src=\"https:\/\/duplex-lesarcs1800.fr\/wp-content\/uploads\/2023\/10\/Charmettoger5-1024x545.jpg\" alt=\"\" class=\"wp-image-269\" srcset=\"https:\/\/duplex-lesarcs1800.fr\/wp-content\/uploads\/2023\/10\/Charmettoger5-1024x545.jpg 1024w, https:\/\/duplex-lesarcs1800.fr\/wp-content\/uploads\/2023\/10\/Charmettoger5-300x160.jpg 300w, https:\/\/duplex-lesarcs1800.fr\/wp-content\/uploads\/2023\/10\/Charmettoger5-768x409.jpg 768w, https:\/\/duplex-lesarcs1800.fr\/wp-content\/uploads\/2023\/10\/Charmettoger5.jpg 1035w\" sizes=\"(max-width: 1024px) 100vw, 1024px\" \/><\/figure>\n\n\n\n<figure class=\"wp-block-image size-large\"><img decoding=\"async\" loading=\"lazy\" width=\"997\" height=\"716\" data-id=\"268\" src=\"https:\/\/duplex-lesarcs1800.fr\/wp-content\/uploads\/2023\/10\/Charmettoger4.jpg\" alt=\"\" class=\"wp-image-268\" srcset=\"https:\/\/duplex-lesarcs1800.fr\/wp-content\/uploads\/2023\/10\/Charmettoger4.jpg 997w, https:\/\/duplex-lesarcs1800.fr\/wp-content\/uploads\/2023\/10\/Charmettoger4-300x215.jpg 300w, https:\/\/duplex-lesarcs1800.fr\/wp-content\/uploads\/2023\/10\/Charmettoger4-768x552.jpg 768w\" sizes=\"(max-width: 997px) 100vw, 997px\" \/><\/figure>\n\n\n\n<figure class=\"wp-block-image size-large\"><img decoding=\"async\" loading=\"lazy\" width=\"995\" height=\"718\" data-id=\"272\" src=\"https:\/\/duplex-lesarcs1800.fr\/wp-content\/uploads\/2023\/10\/Charmettoger3.jpg\" alt=\"\" class=\"wp-image-272\" srcset=\"https:\/\/duplex-lesarcs1800.fr\/wp-content\/uploads\/2023\/10\/Charmettoger3.jpg 995w, https:\/\/duplex-lesarcs1800.fr\/wp-content\/uploads\/2023\/10\/Charmettoger3-300x216.jpg 300w, https:\/\/duplex-lesarcs1800.fr\/wp-content\/uploads\/2023\/10\/Charmettoger3-768x554.jpg 768w\" sizes=\"(max-width: 995px) 100vw, 995px\" \/><\/figure>\n\n\n\n<figure class=\"wp-block-image size-large\"><img decoding=\"async\" loading=\"lazy\" width=\"998\" height=\"722\" data-id=\"271\" src=\"https:\/\/duplex-lesarcs1800.fr\/wp-content\/uploads\/2023\/10\/Charmettoger2.jpg\" alt=\"\" class=\"wp-image-271\" srcset=\"https:\/\/duplex-lesarcs1800.fr\/wp-content\/uploads\/2023\/10\/Charmettoger2.jpg 998w, https:\/\/duplex-lesarcs1800.fr\/wp-content\/uploads\/2023\/10\/Charmettoger2-300x217.jpg 300w, https:\/\/duplex-lesarcs1800.fr\/wp-content\/uploads\/2023\/10\/Charmettoger2-768x556.jpg 768w\" sizes=\"(max-width: 998px) 100vw, 998px\" \/><\/figure>\n\n\n\n<figure class=\"wp-block-image size-large\"><img decoding=\"async\" loading=\"lazy\" width=\"1002\" height=\"717\" data-id=\"270\" src=\"https:\/\/duplex-lesarcs1800.fr\/wp-content\/uploads\/2023\/10\/Charmettoger-1.jpg\" alt=\"\" class=\"wp-image-270\" srcset=\"https:\/\/duplex-lesarcs1800.fr\/wp-content\/uploads\/2023\/10\/Charmettoger-1.jpg 1002w, https:\/\/duplex-lesarcs1800.fr\/wp-content\/uploads\/2023\/10\/Charmettoger-1-300x215.jpg 300w, https:\/\/duplex-lesarcs1800.fr\/wp-content\/uploads\/2023\/10\/Charmettoger-1-768x550.jpg 768w\" sizes=\"(max-width: 1002px) 100vw, 1002px\" \/><\/figure>\n<\/figure>\n","protected":false},"excerpt":{"rendered":"<p>Le t\u00e9l\u00e9si\u00e8ge le plus proche de la r\u00e9sidence est le Charmettoger. Il est \u00e0 50m en remontant.<\/p>\n","protected":false},"author":1,"featured_media":0,"parent":0,"menu_order":0,"comment_status":"closed","ping_status":"closed","template":"","meta":{"om_disable_all_campaigns":false,"_monsterinsights_skip_tracking":false,"_monsterinsights_sitenote_active":false,"_monsterinsights_sitenote_note":"","_monsterinsights_sitenote_category":0,"footnotes":""},"aioseo_notices":[],"_links":{"self":[{"href":"https:\/\/duplex-lesarcs1800.fr\/index.php?rest_route=\/wp\/v2\/pages\/138"}],"collection":[{"href":"https:\/\/duplex-lesarcs1800.fr\/index.php?rest_route=\/wp\/v2\/pages"}],"about":[{"href":"https:\/\/duplex-lesarcs1800.fr\/index.php?rest_route=\/wp\/v2\/types\/page"}],"author":[{"embeddable":true,"href":"https:\/\/duplex-lesarcs1800.fr\/index.php?rest_route=\/wp\/v2\/users\/1"}],"replies":[{"embeddable":true,"href":"https:\/\/duplex-lesarcs1800.fr\/index.php?rest_route=%2Fwp%2Fv2%2Fcomments&post=138"}],"version-history":[{"count":3,"href":"https:\/\/duplex-lesarcs1800.fr\/index.php?rest_route=\/wp\/v2\/pages\/138\/revisions"}],"predecessor-version":[{"id":273,"href":"https:\/\/duplex-lesarcs1800.fr\/index.php?rest_route=\/wp\/v2\/pages\/138\/revisions\/273"}],"wp:attachment":[{"href":"https:\/\/duplex-lesarcs1800.fr\/index.php?rest_route=%2Fwp%2Fv2%2Fmedia&parent=138"}],"curies":[{"name":"wp","href":"https:\/\/api.w.org\/{rel}","templated":true}]}}